{"id":66,"date":"2022-02-14T10:10:04","date_gmt":"2022-02-14T13:10:04","guid":{"rendered":"https:\/\/superlojas.tk\/?page_id=66"},"modified":"2023-07-16T07:43:33","modified_gmt":"2023-07-16T10:43:33","slug":"nossa-historia","status":"publish","type":"page","link":"https:\/\/fabricadescripts.com.br\/igrejas\/IGRE3535\/nossa-historia\/","title":{"rendered":"Nossa Hist\u00f3ria"},"content":{"rendered":"\t\t<div data-elementor-type=\"wp-page\" data-elementor-id=\"66\" class=\"elementor elementor-66\" data-elementor-post-type=\"page\">\n\t\t\t\t\t\t<section class=\"elementor-section elementor-top-section elementor-element elementor-element-fdb8eea elementor-section-boxed elementor-section-height-default elementor-section-height-default wpr-particle-no wpr-jarallax-no wpr-parallax-no wpr-sticky-section-no\" data-id=\"fdb8eea\" data-element_type=\"section\" data-settings=\"{&quot;ekit_has_onepagescroll_dot&quot;:&quot;yes&quot;}\">\n\t\t\t\t\t\t<div class=\"elementor-container elementor-column-gap-default\">\n\t\t\t\t\t<div class=\"elementor-column elementor-col-100 elementor-top-column elementor-element elementor-element-7db1e89\" data-id=\"7db1e89\" data-element_type=\"column\">\n\t\t\t<div class=\"elementor-widget-wrap elementor-element-populated\">\n\t\t\t\t\t\t<div class=\"elementor-element elementor-element-6d644a4 elementor-widget elementor-widget-heading\" data-id=\"6d644a4\" data-element_type=\"widget\" data-settings=\"{&quot;ekit_we_effect_on&quot;:&quot;none&quot;}\" data-widget_type=\"heading.default\">\n\t\t\t\t<div class=\"elementor-widget-container\">\n\t\t\t\t\t<h2 class=\"elementor-heading-title elementor-size-default\">Nossa Hist\u00f3ria<\/h2>\t\t\t\t<\/div>\n\t\t\t\t<\/div>\n\t\t\t\t\t<\/div>\n\t\t<\/div>\n\t\t\t\t\t<\/div>\n\t\t<\/section>\n\t\t\t\t<section class=\"elementor-section elementor-top-section elementor-element elementor-element-efa98e4 elementor-section-boxed elementor-section-height-default elementor-section-height-default wpr-particle-no wpr-jarallax-no wpr-parallax-no wpr-sticky-section-no\" data-id=\"efa98e4\" data-element_type=\"section\" data-settings=\"{&quot;ekit_has_onepagescroll_dot&quot;:&quot;yes&quot;}\">\n\t\t\t\t\t\t<div class=\"elementor-container elementor-column-gap-default\">\n\t\t\t\t\t<div class=\"elementor-column elementor-col-100 elementor-top-column elementor-element elementor-element-1fb6df0\" data-id=\"1fb6df0\" data-element_type=\"column\">\n\t\t\t<div class=\"elementor-widget-wrap elementor-element-populated\">\n\t\t\t\t\t\t<section class=\"elementor-section elementor-inner-section elementor-element elementor-element-a804a7b elementor-section-boxed elementor-section-height-default elementor-section-height-default wpr-particle-no wpr-jarallax-no wpr-parallax-no wpr-sticky-section-no\" data-id=\"a804a7b\" data-element_type=\"section\" data-settings=\"{&quot;ekit_has_onepagescroll_dot&quot;:&quot;yes&quot;}\">\n\t\t\t\t\t\t<div class=\"elementor-container elementor-column-gap-default\">\n\t\t\t\t\t<div class=\"elementor-column elementor-col-50 elementor-inner-column elementor-element elementor-element-ad0e702\" data-id=\"ad0e702\" data-element_type=\"column\">\n\t\t\t<div class=\"elementor-widget-wrap elementor-element-populated\">\n\t\t\t\t\t\t<div class=\"elementor-element elementor-element-a268936 elementor-widget elementor-widget-image\" data-id=\"a268936\" data-element_type=\"widget\" data-settings=\"{&quot;ekit_we_effect_on&quot;:&quot;none&quot;}\" data-widget_type=\"image.default\">\n\t\t\t\t<div class=\"elementor-widget-container\">\n\t\t\t\t\t\t\t\t\t\t\t\t\t\t\t<img fetchpriority=\"high\" decoding=\"async\" width=\"350\" height=\"280\" src=\"https:\/\/fabricadescripts.com.br\/igrejas\/IGRE3535\/wp-content\/uploads\/2023\/07\/historia_2.jpg\" class=\"attachment-large size-large wp-image-1920\" alt=\"\" srcset=\"https:\/\/fabricadescripts.com.br\/igrejas\/IGRE3535\/wp-content\/uploads\/2023\/07\/historia_2.jpg 350w, https:\/\/fabricadescripts.com.br\/igrejas\/IGRE3535\/wp-content\/uploads\/2023\/07\/historia_2-300x240.jpg 300w, https:\/\/fabricadescripts.com.br\/igrejas\/IGRE3535\/wp-content\/uploads\/2023\/07\/historia_2-183x146.jpg 183w\" sizes=\"(max-width: 350px) 100vw, 350px\" \/>\t\t\t\t\t\t\t\t\t\t\t\t\t\t\t<\/div>\n\t\t\t\t<\/div>\n\t\t\t\t\t<\/div>\n\t\t<\/div>\n\t\t\t\t<div class=\"elementor-column elementor-col-50 elementor-inner-column elementor-element elementor-element-cd70bdb\" data-id=\"cd70bdb\" data-element_type=\"column\">\n\t\t\t<div class=\"elementor-widget-wrap elementor-element-populated\">\n\t\t\t\t\t\t<div class=\"elementor-element elementor-element-b723513 elementor-widget elementor-widget-text-editor\" data-id=\"b723513\" data-element_type=\"widget\" data-settings=\"{&quot;ekit_we_effect_on&quot;:&quot;none&quot;}\" data-widget_type=\"text-editor.default\">\n\t\t\t\t<div class=\"elementor-widget-container\">\n\t\t\t\t\t\t\t\t\t<p>Somos uma igreja feita de pessoas completamente apaixonadas por Jesus e por torn\u00e1-lo conhecido. Acreditamos que podemos influenciar aqueles que n\u00e3o conhecem Jesus atrav\u00e9s de uma comunica\u00e7\u00e3o contempor\u00e2nea e a\u00e7\u00f5es din\u00e2micas inspiradas totalmente pelo Esp\u00edrito Santo. Buscamos o Esp\u00edrito Santo para que ele nos leve a amar Deus e as pessoas, para cuidar de cada uma delas. Assim, seguiremos firmes nessa linda tarefa que Ele nos confiou de alargar as tendas do Reino dele na face da Terra 1Tessalonicenses 1:7-10 \u201cAssim, tornaram-se modelo para todos os crentes que est\u00e3o na Maced\u00f4nia e na Acaia. Porque, partindo de voc\u00eas, propagou-se a mensagem do Senhor na Maced\u00f4nia e na Acaia. N\u00e3o somente isso, mas tamb\u00e9m por toda parte tornou-se conhecida a f\u00e9 que voc\u00eas t\u00eam em Deus. O resultado \u00e9 que n\u00e3o temos necessidade de dizer mais nada sobre isso, pois eles mesmos relatam de que maneira voc\u00eas nos receberam, e como se voltaram para Deus, deixando os \u00eddolos a fim de servir ao Deus vivo e verdadeiro, e esperar dos c\u00e9us seu Filho, a quem ressuscitou dos mortos: Jesus, que nos livra da ira que h\u00e1 de vir\u201d.<\/p><p>\u00a0<\/p><p>\u00a0<\/p><p>\u00a0<\/p>\t\t\t\t\t\t\t\t<\/div>\n\t\t\t\t<\/div>\n\t\t\t\t\t<\/div>\n\t\t<\/div>\n\t\t\t\t\t<\/div>\n\t\t<\/section>\n\t\t\t\t<div class=\"elementor-element elementor-element-2a70137 elementor-widget elementor-widget-text-editor\" data-id=\"2a70137\" data-element_type=\"widget\" data-settings=\"{&quot;ekit_we_effect_on&quot;:&quot;none&quot;}\" data-widget_type=\"text-editor.default\">\n\t\t\t\t<div class=\"elementor-widget-container\">\n\t\t\t\t\t\t\t\t\t<p><span data-redactor=\"verified\" data-redactor-inlinemethods=\"\">O fundador e o fundamento se identificam na pessoa do\u00a0<strong>Senhor Jesus Cristo<\/strong>. N\u00e3o h\u00e1, portanto \u00eanfase a outro nome ou nomes j\u00e1 que a sua exist\u00eancia \u00e9 parte do plano prof\u00e9tico de Deus para os nossos dias.<\/span><\/p>\t\t\t\t\t\t\t\t<\/div>\n\t\t\t\t<\/div>\n\t\t\t\t\t<\/div>\n\t\t<\/div>\n\t\t\t\t\t<\/div>\n\t\t<\/section>\n\t\t\t\t<section class=\"elementor-section elementor-top-section elementor-element elementor-element-bbcc61d elementor-section-boxed elementor-section-height-default elementor-section-height-default wpr-particle-no wpr-jarallax-no wpr-parallax-no wpr-sticky-section-no\" data-id=\"bbcc61d\" data-element_type=\"section\" data-settings=\"{&quot;ekit_has_onepagescroll_dot&quot;:&quot;yes&quot;}\">\n\t\t\t\t\t\t<div class=\"elementor-container elementor-column-gap-default\">\n\t\t\t\t\t<div class=\"elementor-column elementor-col-100 elementor-top-column elementor-element elementor-element-5a45f7f\" data-id=\"5a45f7f\" data-element_type=\"column\">\n\t\t\t<div class=\"elementor-widget-wrap elementor-element-populated\">\n\t\t\t\t\t\t<div class=\"elementor-element elementor-element-2ea8fbd elementor-widget elementor-widget-spacer\" data-id=\"2ea8fbd\" data-element_type=\"widget\" data-settings=\"{&quot;ekit_we_effect_on&quot;:&quot;none&quot;}\" data-widget_type=\"spacer.default\">\n\t\t\t\t<div class=\"elementor-widget-container\">\n\t\t\t\t\t\t\t<div class=\"elementor-spacer\">\n\t\t\t<div class=\"elementor-spacer-inner\"><\/div>\n\t\t<\/div>\n\t\t\t\t\t\t<\/div>\n\t\t\t\t<\/div>\n\t\t\t\t\t<\/div>\n\t\t<\/div>\n\t\t\t\t\t<\/div>\n\t\t<\/section>\n\t\t\t\t<\/div>\n\t\t","protected":false},"excerpt":{"rendered":"<p>Nossa Hist\u00f3ria Somos uma igreja feita de pessoas completamente apaixonadas por Jesus e por torn\u00e1-lo conhecido. Acreditamos que podemos influenciar aqueles que n\u00e3o conhecem Jesus atrav\u00e9s de uma comunica\u00e7\u00e3o contempor\u00e2nea e a\u00e7\u00f5es din\u00e2micas inspiradas totalmente pelo Esp\u00edrito Santo. Buscamos o Esp\u00edrito Santo para que ele nos leve a amar Deus e as pessoas, para cuidar de cada uma delas. Assim, seguiremos firmes nessa linda tarefa que Ele nos confiou de alargar as tendas do Reino dele na face da Terra 1Tessalonicenses 1:7-10 \u201cAssim, tornaram-se modelo para todos os crentes que est\u00e3o na Maced\u00f4nia e na Acaia. Porque, partindo de voc\u00eas, propagou-se a mensagem do Senhor na Maced\u00f4nia e na Acaia. N\u00e3o somente isso, mas tamb\u00e9m por toda parte tornou-se conhecida a f\u00e9 que voc\u00eas t\u00eam em Deus. O resultado \u00e9 que n\u00e3o temos necessidade de dizer mais nada sobre isso, pois eles mesmos relatam de que maneira voc\u00eas nos receberam, e como se voltaram para Deus, deixando os \u00eddolos a fim de servir ao Deus vivo e verdadeiro, e esperar dos c\u00e9us seu Filho, a quem ressuscitou dos mortos: Jesus, que nos livra da ira que h\u00e1 de vir\u201d. \u00a0 \u00a0 \u00a0 O fundador e o fundamento se identificam na pessoa do\u00a0Senhor Jesus Cristo. N\u00e3o h\u00e1, portanto \u00eanfase a outro nome ou nomes j\u00e1 que a sua exist\u00eancia \u00e9 parte do plano prof\u00e9tico de Deus para os nossos dias.<\/p>\n","protected":false},"author":1,"featured_media":0,"parent":0,"menu_order":0,"comment_status":"closed","ping_status":"closed","template":"elementor_header_footer","meta":{"footnotes":""},"class_list":["post-66","page","type-page","status-publish","hentry"],"acf":[],"_links":{"self":[{"href":"https:\/\/fabricadescripts.com.br\/igrejas\/IGRE3535\/wp-json\/wp\/v2\/pages\/66","targetHints":{"allow":["GET"]}}],"collection":[{"href":"https:\/\/fabricadescripts.com.br\/igrejas\/IGRE3535\/wp-json\/wp\/v2\/pages"}],"about":[{"href":"https:\/\/fabricadescripts.com.br\/igrejas\/IGRE3535\/wp-json\/wp\/v2\/types\/page"}],"author":[{"embeddable":true,"href":"https:\/\/fabricadescripts.com.br\/igrejas\/IGRE3535\/wp-json\/wp\/v2\/users\/1"}],"replies":[{"embeddable":true,"href":"https:\/\/fabricadescripts.com.br\/igrejas\/IGRE3535\/wp-json\/wp\/v2\/comments?post=66"}],"version-history":[{"count":0,"href":"https:\/\/fabricadescripts.com.br\/igrejas\/IGRE3535\/wp-json\/wp\/v2\/pages\/66\/revisions"}],"wp:attachment":[{"href":"https:\/\/fabricadescripts.com.br\/igrejas\/IGRE3535\/wp-json\/wp\/v2\/media?parent=66"}],"curies":[{"name":"wp","href":"https:\/\/api.w.org\/{rel}","templated":true}]}}