{"id":2292,"date":"2023-07-06T15:44:12","date_gmt":"2023-07-06T18:44:12","guid":{"rendered":"http:\/\/fabricadescripts.com.br\/igrejas\/IGRE3535\/?page_id=2292"},"modified":"2023-07-06T15:58:05","modified_gmt":"2023-07-06T18:58:05","slug":"curiosidades-biblicas","status":"publish","type":"page","link":"https:\/\/fabricadescripts.com.br\/igrejas\/IGRE3535\/curiosidades-biblicas\/","title":{"rendered":"Curiosidades Biblicas"},"content":{"rendered":"\t\t<div data-elementor-type=\"wp-page\" data-elementor-id=\"2292\" class=\"elementor elementor-2292\" data-elementor-post-type=\"page\">\n\t\t\t\t\t\t<section class=\"elementor-section elementor-top-section elementor-element elementor-element-6a20986 elementor-section-boxed elementor-section-height-default elementor-section-height-default wpr-particle-no wpr-jarallax-no wpr-parallax-no wpr-sticky-section-no\" data-id=\"6a20986\" data-element_type=\"section\" data-settings=\"{&quot;ekit_has_onepagescroll_dot&quot;:&quot;yes&quot;}\">\n\t\t\t\t\t\t<div class=\"elementor-container elementor-column-gap-default\">\n\t\t\t\t\t<div class=\"elementor-column elementor-col-100 elementor-top-column elementor-element elementor-element-fded7eb\" data-id=\"fded7eb\" data-element_type=\"column\">\n\t\t\t<div class=\"elementor-widget-wrap elementor-element-populated\">\n\t\t\t\t\t\t<div class=\"elementor-element elementor-element-6a34367 elementor-widget elementor-widget-text-editor\" data-id=\"6a34367\" data-element_type=\"widget\" data-settings=\"{&quot;ekit_we_effect_on&quot;:&quot;none&quot;}\" data-widget_type=\"text-editor.default\">\n\t\t\t\t<div class=\"elementor-widget-container\">\n\t\t\t\t\t\t\t\t\t<div class=\"elementor-element elementor-element-37ee4731 elementor-widget elementor-widget-theme-post-content\" data-id=\"37ee4731\" data-element_type=\"widget\" data-settings=\"{&quot;ekit_we_effect_on&quot;:&quot;none&quot;}\" data-widget_type=\"theme-post-content.default\"><div class=\"elementor-widget-container\"><div class=\"custom\"><div><div><div class=\"entry-content\"><p>Uma lista com <strong>51 curiosidades b\u00edblicas<\/strong>, muita coisa que voc\u00ea n\u00e3o sabe est\u00e1 aqui. Ent\u00e3o mate sua curiosidade e conhe\u00e7a super curiosidades do Livro dos livros:<\/p><ol><li>No ano de 1250 o cardeal Caro dividiu a B\u00edblia em cap\u00edtulos, que foram divididos em vers\u00edculos no ano de 1550, por Robert Stevens.<\/li><li>A B\u00edblia inteira foi escrita num per\u00edodo que abrange mais de 1600 anos.<\/li><li>\u00c9 uma obra de cerca de 40 autores, das mais variadas profiss\u00f5es: de humildes agricultores, pescadores at\u00e9 renomados reis.<\/li><li>O Antigo Testamento foi escrito em hebraico, com exce\u00e7\u00e3o de algumas passagens em Esdras, Jeremias e Daniel que foram escritas em aramaico.<\/li><li>O Novo Testamento foi escrito em grego.<\/li><li>O Codex Vaticanus \u00e9 provavelmente o mais antigo exemplar da B\u00edblia em forma completa.<\/li><li>A primeira tradu\u00e7\u00e3o completa da B\u00edblia para o ingl\u00eas foi feita por Wycliffe, em 1380.<\/li><li>Martinho Lutero foi o primeiro tradutor da B\u00edblia para a l\u00edngua do povo alem\u00e3o.<\/li><li>Na biblioteca da Universidade de Gottingen, Alemanha, existe uma B\u00edblia que foi escrita em 470 folhas de palmeira.<\/li><li>O Livro mais antigo da B\u00edblia n\u00e3o \u00e9 o G\u00eanesis, mas J\u00f4. Acredita-se que foi escrito por Mois\u00e9s, quando esteve no deserto.<\/li><li>O primeiro Salmo encontra-se em II Samuel 1:19-27, uma elegia de Davi em mem\u00f3ria de Saul e seu filho J\u00f4natas.<\/li><li>A B\u00edblia cont\u00e9m 1189 cap\u00edtulos e 31102 vers\u00edculos.<\/li><li>Ester 8:9 \u00e9 o maior vers\u00edculo da B\u00edblia.<\/li><li>No livro de Ester e no livro de Cantares n\u00e3o se encontra a palavra Deus.<\/li><li>O Antigo Testamento termina com uma maldi\u00e7\u00e3o, e o Novo Testamento termina com uma ben\u00e7\u00e3o.<\/li><li>O \u00faltimo livro da B\u00edblia a ser escrito foi III Jo\u00e3o.<\/li><li>H\u00e1 <strong>3573<\/strong> promessas na B\u00edblia.<\/li><li>O livro de Isa\u00edas assemelha-se a uma pequena B\u00edblia: cont\u00e9m <strong>66 cap\u00edtulos<\/strong>; os primeiros <strong>39 falam da hist\u00f3ria passada<\/strong>, e os <strong>27 restantes apresentam promessas do futuro.<\/strong><\/li><li>Dos quatro evangelistas s\u00f3 dois andaram com Jesus; Marcos e Lucas n\u00e3o foram seus disc\u00edpulos.<\/li><li>Todos os versos do Salmo 136 terminam com o mesmo estribilho: \u201cPorque a Sua miseric\u00f3rdia dura para sempre.\u201d<\/li><li>O profeta que veio depois de Malaquias foi Jo\u00e3o Batista.<\/li><li>Judas foi o \u00fanico dos doze ap\u00f3stolos que n\u00e3o era Galileu.<\/li><li>Jo\u00e3o era o disc\u00edpulo mais jovem dos doze.<\/li><li>Os vers\u00edculos 8, 15, 21 e 31 do Salmo 107 s\u00e3o iguais.<\/li><li>Matusal\u00e9m, o homem mais velho da B\u00edblia, morreu antes de seu pai, Enoque, que ascendeu ao C\u00e9u.<\/li><li>L\u00f3 era o pai de Moabe e Bem-ami, e tamb\u00e9m o av\u00f4 dos dois porque \u201cas duas filhas de L\u00f3 conceberam do pr\u00f3prio pai\u201d. (Gen. 19:36-38)<\/li><li>42 mil pessoas perderam a sua vida por n\u00e3o saberem pronunciar a palavra Shiboleth. (Ju\u00edzes 12:5, 6)<\/li><li>Ad\u00e3o n\u00e3o teve sogra.<\/li><li>A \u00fanica idade de mulher que se menciona na B\u00edblia \u00e9 a de Sara (G\u00ean. 23:1)<\/li><li>A primeira cirurgia foi realizada por Deus, quando tirou uma costela de Ad\u00e3o. (G\u00ean. 2:21,22)<\/li><li>Al\u00e9m de Jesus, Elias e Mois\u00e9s foram os \u00fanicos homens que jejuaram 40 dias e 40 noites. (I Reis 19:8 e Deut. 9:9)<\/li><li>A arca de No\u00e9 tinha tr\u00eas andares. (G\u00ean. 6:16)<\/li><li>O Salmo 119 \u00e9 o mais longo da B\u00edblia, \u00e9 um acr\u00f3stico. Os 176 vers\u00edculos acham-se divididos em 22 se\u00e7\u00f5es de oito versos cada uma, correspondendo a cada uma das letras do alfabeto hebraico.<\/li><li>Em Gate houve um homem de grande estatura, que tinha 6 dedos em cada m\u00e3o e em cada p\u00e9. (II Samuel 21:20)<\/li><li>Elias teve o privil\u00e9gio de comer uma refei\u00e7\u00e3o preparada por um anjo.<\/li><li>Existem muitos dados curiosos relativos \u00e0s estat\u00edsticas b\u00edblicas. Um dos n\u00fameros que mais aparece na B\u00edblia \u00e9 o 7. Entre os Hebreus este n\u00famero era considerado sagrado e s\u00edmbolo da perfei\u00e7\u00e3o.<\/li><li>No\u00e9 tinha 600 anos quando terminou a arca.<\/li><li>O s\u00e1bio Salom\u00e3o deixou mais de tr\u00eas mil prov\u00e9rbios.<\/li><li>A opera\u00e7\u00e3o matem\u00e1tica mais rendosa foi efetuada por Jesus quando multiplicou 5 p\u00e3es e 2 peixes para alimentar a mais de cinco mil pessoas e ainda sobraram 12 cestos cheios.<\/li><li>Talento era uma moeda grega que valia o equivalente a uns mil e quinhentos d\u00f3lares.<\/li><li>Judas vendeu a Jesus por 30 moedas de prata, equivalentes a uns 20 d\u00f3lares.<\/li><li>Calcula-se que o presente que Naam\u00e3 ofereceu a Eliseu, do qual Geazi finalmente se apropriou, equivalia a uns 48.000 d\u00f3lares.<\/li><li>Tiago, filho de Zebedeu, foi o primeiro dos ap\u00f3stolos a morrer por sua f\u00e9. Foi decapitado a espada por ordem do rei Herodes Agripa I, por volta do ano 44 de nossa era.<\/li><li>Paulo, o grande ap\u00f3stolo dos gentios, foi decapitado em Roma por ordem do tirano Nero.<\/li><li>Em I Samuel 17:18, o queijo \u00e9 mencionado pela primeira vez na B\u00edblia.<\/li><li>Em ju\u00edzes 14:18 encontramos um dos exemplos mais antigos de enigma.<\/li><li>Dois reis dos Amorreus foram postos em fuga por vesp\u00f5es.<\/li><li>A \u00faltima cidade mencionada na B\u00edblia \u00e9 a cidade santa. (Apoc. 22:19)<\/li><li>Salmo 117 \u00e9 o cap\u00edtulo mais curto da B\u00edblia<\/li><li>Salmo 118 \u00e9 o cap\u00edtulo que est\u00e1 no centro da B\u00edblia. H\u00e1 594 cap\u00edtulos antes e depois do Salmo 118<\/li><li>O Vers\u00edculo que se encontra no centro da B\u00edblia est\u00e1 em Salmo 118:8<\/li><\/ol><p>Gostou das lista de curiosidades? Conhece alguma que n\u00e3o est\u00e1 nela? Ent\u00e3o aproveite e compartilhe conosco nos coment\u00e1rios.<\/p><\/div><\/div><\/div><\/div><\/div><\/div>\t\t\t\t\t\t\t\t<\/div>\n\t\t\t\t<\/div>\n\t\t\t\t\t<\/div>\n\t\t<\/div>\n\t\t\t\t\t<\/div>\n\t\t<\/section>\n\t\t\t\t<\/div>\n\t\t","protected":false},"excerpt":{"rendered":"<p>Uma lista com 51 curiosidades b\u00edblicas, muita coisa que voc\u00ea n\u00e3o sabe est\u00e1 aqui. Ent\u00e3o mate sua curiosidade e conhe\u00e7a super curiosidades do Livro dos livros: No ano de 1250 o cardeal Caro dividiu a B\u00edblia em cap\u00edtulos, que foram divididos em vers\u00edculos no ano de 1550, por Robert Stevens. A B\u00edblia inteira foi escrita num per\u00edodo que abrange mais de 1600 anos. \u00c9 uma obra de cerca de 40 autores, das mais variadas profiss\u00f5es: de humildes agricultores, pescadores at\u00e9 renomados reis. O Antigo Testamento foi escrito em hebraico, com exce\u00e7\u00e3o de algumas passagens em Esdras, Jeremias e Daniel que foram escritas em aramaico. O Novo Testamento foi escrito em grego. O Codex Vaticanus \u00e9 provavelmente o mais antigo exemplar da B\u00edblia em forma completa. A primeira tradu\u00e7\u00e3o completa da B\u00edblia para o ingl\u00eas foi feita por Wycliffe, em 1380. Martinho Lutero foi o primeiro tradutor da B\u00edblia para a l\u00edngua do povo alem\u00e3o. Na biblioteca da Universidade de Gottingen, Alemanha, existe uma B\u00edblia que foi escrita em 470 folhas de palmeira. O Livro mais antigo da B\u00edblia n\u00e3o \u00e9 o G\u00eanesis, mas J\u00f4. Acredita-se que foi escrito por Mois\u00e9s, quando esteve no deserto. O primeiro Salmo encontra-se em II Samuel 1:19-27, uma elegia de Davi em mem\u00f3ria de Saul e seu filho J\u00f4natas. A B\u00edblia cont\u00e9m 1189 cap\u00edtulos e 31102 vers\u00edculos. Ester 8:9 \u00e9 o maior vers\u00edculo da B\u00edblia. No livro de Ester e no livro de Cantares n\u00e3o se encontra a palavra Deus. O Antigo Testamento termina com uma maldi\u00e7\u00e3o, e o Novo Testamento termina com uma ben\u00e7\u00e3o. O \u00faltimo livro da B\u00edblia a ser escrito foi III Jo\u00e3o. H\u00e1 3573 promessas na B\u00edblia. O livro de Isa\u00edas assemelha-se a uma pequena B\u00edblia: cont\u00e9m 66 cap\u00edtulos; os primeiros 39 falam da hist\u00f3ria passada, e os 27 restantes apresentam promessas do futuro. Dos quatro evangelistas s\u00f3 dois andaram com Jesus; Marcos e Lucas n\u00e3o foram seus disc\u00edpulos. Todos os versos do Salmo 136 terminam com o mesmo estribilho: \u201cPorque a Sua miseric\u00f3rdia dura para sempre.\u201d O profeta que veio depois de Malaquias foi Jo\u00e3o Batista. Judas foi o \u00fanico dos doze ap\u00f3stolos que n\u00e3o era Galileu. Jo\u00e3o era o disc\u00edpulo mais jovem dos doze. Os vers\u00edculos 8, 15, 21 e 31 do Salmo 107 s\u00e3o iguais. Matusal\u00e9m, o homem mais velho da B\u00edblia, morreu antes de seu pai, Enoque, que ascendeu ao C\u00e9u. L\u00f3 era o pai de Moabe e Bem-ami, e tamb\u00e9m o av\u00f4 dos dois porque \u201cas duas filhas de L\u00f3 conceberam do pr\u00f3prio pai\u201d. (Gen. 19:36-38) 42 mil pessoas perderam a sua vida por n\u00e3o saberem pronunciar a palavra Shiboleth. (Ju\u00edzes 12:5, 6) Ad\u00e3o n\u00e3o teve sogra. A \u00fanica idade de mulher que se menciona na B\u00edblia \u00e9 a de Sara (G\u00ean. 23:1) A primeira cirurgia foi realizada por Deus, quando tirou uma costela de Ad\u00e3o. (G\u00ean. 2:21,22) Al\u00e9m de Jesus, Elias e Mois\u00e9s foram os \u00fanicos homens que jejuaram 40 dias e 40 noites. (I Reis 19:8 e Deut. 9:9) A arca de No\u00e9 tinha tr\u00eas andares. (G\u00ean. 6:16) O Salmo 119 \u00e9 o mais longo da B\u00edblia, \u00e9 um acr\u00f3stico. Os 176 vers\u00edculos acham-se divididos em 22 se\u00e7\u00f5es de oito versos cada uma, correspondendo a cada uma das letras do alfabeto hebraico. Em Gate houve um homem de grande estatura, que tinha 6 dedos em cada m\u00e3o e em cada p\u00e9. (II Samuel 21:20) Elias teve o privil\u00e9gio de comer uma refei\u00e7\u00e3o preparada por um anjo. Existem muitos dados curiosos relativos \u00e0s estat\u00edsticas b\u00edblicas. Um dos n\u00fameros que mais aparece na B\u00edblia \u00e9 o 7. Entre os Hebreus este n\u00famero era considerado sagrado e s\u00edmbolo da perfei\u00e7\u00e3o. No\u00e9 tinha 600 anos quando terminou a arca. O s\u00e1bio Salom\u00e3o deixou mais de tr\u00eas mil prov\u00e9rbios. A opera\u00e7\u00e3o matem\u00e1tica mais rendosa foi efetuada por Jesus quando multiplicou 5 p\u00e3es e 2 peixes para alimentar a mais de cinco mil pessoas e ainda sobraram 12 cestos cheios. Talento era uma moeda grega que valia o equivalente a uns mil e quinhentos d\u00f3lares. Judas vendeu a Jesus por 30 moedas de prata, equivalentes a uns 20 d\u00f3lares. Calcula-se que o presente que Naam\u00e3 ofereceu a Eliseu, do qual Geazi finalmente se apropriou, equivalia a uns 48.000 d\u00f3lares. Tiago, filho de Zebedeu, foi o primeiro dos ap\u00f3stolos a morrer por sua f\u00e9. Foi decapitado a espada por ordem do rei Herodes Agripa I, por volta do ano 44 de nossa era. Paulo, o grande ap\u00f3stolo dos gentios, foi decapitado em Roma por ordem do tirano Nero. Em I Samuel 17:18, o queijo \u00e9 mencionado pela primeira vez na B\u00edblia. Em ju\u00edzes 14:18 encontramos um dos exemplos mais antigos de enigma. Dois reis dos Amorreus foram postos em fuga por vesp\u00f5es. A \u00faltima cidade mencionada na B\u00edblia \u00e9 a cidade santa. (Apoc. 22:19) Salmo 117 \u00e9 o cap\u00edtulo mais curto da B\u00edblia Salmo 118 \u00e9 o cap\u00edtulo que est\u00e1 no centro da B\u00edblia. H\u00e1 594 cap\u00edtulos antes e depois do Salmo 118 O Vers\u00edculo que se encontra no centro da B\u00edblia est\u00e1 em Salmo 118:8 Gostou das lista de curiosidades? Conhece alguma que n\u00e3o est\u00e1 nela? Ent\u00e3o aproveite e compartilhe conosco nos coment\u00e1rios.<\/p>\n","protected":false},"author":1,"featured_media":0,"parent":0,"menu_order":0,"comment_status":"closed","ping_status":"closed","template":"elementor_header_footer","meta":{"footnotes":""},"class_list":["post-2292","page","type-page","status-publish","hentry"],"acf":[],"_links":{"self":[{"href":"https:\/\/fabricadescripts.com.br\/igrejas\/IGRE3535\/wp-json\/wp\/v2\/pages\/2292","targetHints":{"allow":["GET"]}}],"collection":[{"href":"https:\/\/fabricadescripts.com.br\/igrejas\/IGRE3535\/wp-json\/wp\/v2\/pages"}],"about":[{"href":"https:\/\/fabricadescripts.com.br\/igrejas\/IGRE3535\/wp-json\/wp\/v2\/types\/page"}],"author":[{"embeddable":true,"href":"https:\/\/fabricadescripts.com.br\/igrejas\/IGRE3535\/wp-json\/wp\/v2\/users\/1"}],"replies":[{"embeddable":true,"href":"https:\/\/fabricadescripts.com.br\/igrejas\/IGRE3535\/wp-json\/wp\/v2\/comments?post=2292"}],"version-history":[{"count":0,"href":"https:\/\/fabricadescripts.com.br\/igrejas\/IGRE3535\/wp-json\/wp\/v2\/pages\/2292\/revisions"}],"wp:attachment":[{"href":"https:\/\/fabricadescripts.com.br\/igrejas\/IGRE3535\/wp-json\/wp\/v2\/media?parent=2292"}],"curies":[{"name":"wp","href":"https:\/\/api.w.org\/{rel}","templated":true}]}}