{"id":2121,"date":"2023-07-06T09:14:24","date_gmt":"2023-07-06T12:14:24","guid":{"rendered":"http:\/\/fabricadescripts.com.br\/igrejas\/IGRE3535\/?page_id=2121"},"modified":"2023-07-06T09:22:26","modified_gmt":"2023-07-06T12:22:26","slug":"ministerio-de-louvor","status":"publish","type":"page","link":"https:\/\/fabricadescripts.com.br\/igrejas\/IGRE3535\/ministerio-de-louvor\/","title":{"rendered":"Minist\u00e9rio de Louvor"},"content":{"rendered":"\t\t<div data-elementor-type=\"wp-page\" data-elementor-id=\"2121\" class=\"elementor elementor-2121\" data-elementor-post-type=\"page\">\n\t\t\t\t\t\t<section class=\"elementor-section elementor-top-section elementor-element elementor-element-fdb8eea elementor-section-boxed elementor-section-height-default elementor-section-height-default wpr-particle-no wpr-jarallax-no wpr-parallax-no wpr-sticky-section-no\" data-id=\"fdb8eea\" data-element_type=\"section\" data-settings=\"{&quot;ekit_has_onepagescroll_dot&quot;:&quot;yes&quot;}\">\n\t\t\t\t\t\t<div class=\"elementor-container elementor-column-gap-default\">\n\t\t\t\t\t<div class=\"elementor-column elementor-col-100 elementor-top-column elementor-element elementor-element-7db1e89\" data-id=\"7db1e89\" data-element_type=\"column\">\n\t\t\t<div class=\"elementor-widget-wrap\">\n\t\t\t\t\t\t\t<\/div>\n\t\t<\/div>\n\t\t\t\t\t<\/div>\n\t\t<\/section>\n\t\t\t\t<section class=\"elementor-section elementor-top-section elementor-element elementor-element-efa98e4 elementor-section-boxed elementor-section-height-default elementor-section-height-default wpr-particle-no wpr-jarallax-no wpr-parallax-no wpr-sticky-section-no\" data-id=\"efa98e4\" data-element_type=\"section\" data-settings=\"{&quot;ekit_has_onepagescroll_dot&quot;:&quot;yes&quot;}\">\n\t\t\t\t\t\t<div class=\"elementor-container elementor-column-gap-default\">\n\t\t\t\t\t<div class=\"elementor-column elementor-col-100 elementor-top-column elementor-element elementor-element-1fb6df0\" data-id=\"1fb6df0\" data-element_type=\"column\">\n\t\t\t<div class=\"elementor-widget-wrap elementor-element-populated\">\n\t\t\t\t\t\t<section class=\"elementor-section elementor-inner-section elementor-element elementor-element-a804a7b elementor-section-boxed elementor-section-height-default elementor-section-height-default wpr-particle-no wpr-jarallax-no wpr-parallax-no wpr-sticky-section-no\" data-id=\"a804a7b\" data-element_type=\"section\" data-settings=\"{&quot;ekit_has_onepagescroll_dot&quot;:&quot;yes&quot;}\">\n\t\t\t\t\t\t<div class=\"elementor-container elementor-column-gap-default\">\n\t\t\t\t\t<div class=\"elementor-column elementor-col-50 elementor-inner-column elementor-element elementor-element-ad0e702\" data-id=\"ad0e702\" data-element_type=\"column\">\n\t\t\t<div class=\"elementor-widget-wrap elementor-element-populated\">\n\t\t\t\t\t\t<div class=\"elementor-element elementor-element-a268936 elementor-widget elementor-widget-image\" data-id=\"a268936\" data-element_type=\"widget\" data-settings=\"{&quot;ekit_we_effect_on&quot;:&quot;none&quot;}\" data-widget_type=\"image.default\">\n\t\t\t\t<div class=\"elementor-widget-container\">\n\t\t\t\t\t\t\t\t\t\t\t\t\t\t\t<img fetchpriority=\"high\" decoding=\"async\" width=\"360\" height=\"200\" src=\"https:\/\/fabricadescripts.com.br\/igrejas\/IGRE3535\/wp-content\/uploads\/2023\/07\/alouvor.jpg\" class=\"attachment-large size-large wp-image-2139\" alt=\"\" srcset=\"https:\/\/fabricadescripts.com.br\/igrejas\/IGRE3535\/wp-content\/uploads\/2023\/07\/alouvor.jpg 360w, https:\/\/fabricadescripts.com.br\/igrejas\/IGRE3535\/wp-content\/uploads\/2023\/07\/alouvor-300x167.jpg 300w, https:\/\/fabricadescripts.com.br\/igrejas\/IGRE3535\/wp-content\/uploads\/2023\/07\/alouvor-260x144.jpg 260w\" sizes=\"(max-width: 360px) 100vw, 360px\" \/>\t\t\t\t\t\t\t\t\t\t\t\t\t\t\t<\/div>\n\t\t\t\t<\/div>\n\t\t\t\t\t<\/div>\n\t\t<\/div>\n\t\t\t\t<div class=\"elementor-column elementor-col-50 elementor-inner-column elementor-element elementor-element-cd70bdb\" data-id=\"cd70bdb\" data-element_type=\"column\">\n\t\t\t<div class=\"elementor-widget-wrap elementor-element-populated\">\n\t\t\t\t\t\t<div class=\"elementor-element elementor-element-04c237e elementor-widget elementor-widget-heading\" data-id=\"04c237e\" data-element_type=\"widget\" data-settings=\"{&quot;ekit_we_effect_on&quot;:&quot;none&quot;}\" data-widget_type=\"heading.default\">\n\t\t\t\t<div class=\"elementor-widget-container\">\n\t\t\t\t\t<h2 class=\"elementor-heading-title elementor-size-default\">Verdadeiros adoradores<\/h2>\t\t\t\t<\/div>\n\t\t\t\t<\/div>\n\t\t\t\t<div class=\"elementor-element elementor-element-b723513 elementor-widget elementor-widget-text-editor\" data-id=\"b723513\" data-element_type=\"widget\" data-settings=\"{&quot;ekit_we_effect_on&quot;:&quot;none&quot;}\" data-widget_type=\"text-editor.default\">\n\t\t\t\t<div class=\"elementor-widget-container\">\n\t\t\t\t\t\t\t\t\t<div id=\"sppb-addon-1526314865691\" class=\"clearfix\"><div class=\"sppb-addon sppb-addon-text-block 0  \"><div class=\"sppb-addon-content\"><p>O louvor e adora\u00e7\u00e3o s\u00e3o as express\u00f5es mais verdadeiras de rever\u00eancia ao Senhor. Atrav\u00e9s das can\u00e7\u00f5es, cora\u00e7\u00f5es s\u00e3o quebrantados e nossa conex\u00e3o com Deus \u00e9 completa.<\/p><p id=\"yui_3_17_2_1_1526317736355_294\">Sua import\u00e2ncia \u00e9 evidenciada na B\u00edblia, que diz que o Senhor procura aqueles que O adoram em esp\u00edrito e em verdade.<\/p><p>Na ADT MARANH\u00c3O, n\u00f3s nos dedicamos ao louvor para utiliza-lo como instrumento de proximidade com Deus e, tamb\u00e9m, de conhecimento.<\/p><p>Muitos tem o dom de entoar louvores e ministrar atrav\u00e9s de instrumentos como forma de adora\u00e7\u00e3o. Aqui, temos aulas de m\u00fasica para crian\u00e7as, jovens e adultos que desejam aprimorar esse chamado.<\/p><p>Al\u00e9m disso, \u00e9 tradi\u00e7\u00e3o da nossa igreja realizar intera\u00e7\u00e3o entre os novos membros e novos convertidos atrav\u00e9s de um coral, que se apresenta periodicamente em nossos cultos.<\/p><\/div><\/div><\/div><div id=\"sppb-addon-1526315816513\" class=\"clearfix\"><div class=\"sppb-addon sppb-addon-text-block 0  \"><h3 class=\"sppb-addon-title\"><strong>O louvor e adora\u00e7\u00e3o s\u00e3o as express\u00f5es mais verdadeiras<\/strong><\/h3><\/div><\/div>\t\t\t\t\t\t\t\t<\/div>\n\t\t\t\t<\/div>\n\t\t\t\t\t<\/div>\n\t\t<\/div>\n\t\t\t\t\t<\/div>\n\t\t<\/section>\n\t\t\t\t\t<\/div>\n\t\t<\/div>\n\t\t\t\t\t<\/div>\n\t\t<\/section>\n\t\t\t\t<\/div>\n\t\t","protected":false},"excerpt":{"rendered":"<p>Verdadeiros adoradores O louvor e adora\u00e7\u00e3o s\u00e3o as express\u00f5es mais verdadeiras de rever\u00eancia ao Senhor. Atrav\u00e9s das can\u00e7\u00f5es, cora\u00e7\u00f5es s\u00e3o quebrantados e nossa conex\u00e3o com Deus \u00e9 completa. Sua import\u00e2ncia \u00e9 evidenciada na B\u00edblia, que diz que o Senhor procura aqueles que O adoram em esp\u00edrito e em verdade. Na ADT MARANH\u00c3O, n\u00f3s nos dedicamos ao louvor para utiliza-lo como instrumento de proximidade com Deus e, tamb\u00e9m, de conhecimento. Muitos tem o dom de entoar louvores e ministrar atrav\u00e9s de instrumentos como forma de adora\u00e7\u00e3o. Aqui, temos aulas de m\u00fasica para crian\u00e7as, jovens e adultos que desejam aprimorar esse chamado. Al\u00e9m disso, \u00e9 tradi\u00e7\u00e3o da nossa igreja realizar intera\u00e7\u00e3o entre os novos membros e novos convertidos atrav\u00e9s de um coral, que se apresenta periodicamente em nossos cultos. O louvor e adora\u00e7\u00e3o s\u00e3o as express\u00f5es mais verdadeiras<\/p>\n","protected":false},"author":1,"featured_media":0,"parent":0,"menu_order":0,"comment_status":"closed","ping_status":"closed","template":"elementor_header_footer","meta":{"footnotes":""},"class_list":["post-2121","page","type-page","status-publish","hentry"],"acf":[],"_links":{"self":[{"href":"https:\/\/fabricadescripts.com.br\/igrejas\/IGRE3535\/wp-json\/wp\/v2\/pages\/2121","targetHints":{"allow":["GET"]}}],"collection":[{"href":"https:\/\/fabricadescripts.com.br\/igrejas\/IGRE3535\/wp-json\/wp\/v2\/pages"}],"about":[{"href":"https:\/\/fabricadescripts.com.br\/igrejas\/IGRE3535\/wp-json\/wp\/v2\/types\/page"}],"author":[{"embeddable":true,"href":"https:\/\/fabricadescripts.com.br\/igrejas\/IGRE3535\/wp-json\/wp\/v2\/users\/1"}],"replies":[{"embeddable":true,"href":"https:\/\/fabricadescripts.com.br\/igrejas\/IGRE3535\/wp-json\/wp\/v2\/comments?post=2121"}],"version-history":[{"count":0,"href":"https:\/\/fabricadescripts.com.br\/igrejas\/IGRE3535\/wp-json\/wp\/v2\/pages\/2121\/revisions"}],"wp:attachment":[{"href":"https:\/\/fabricadescripts.com.br\/igrejas\/IGRE3535\/wp-json\/wp\/v2\/media?parent=2121"}],"curies":[{"name":"wp","href":"https:\/\/api.w.org\/{rel}","templated":true}]}}