{"id":2116,"date":"2023-07-06T09:12:38","date_gmt":"2023-07-06T12:12:38","guid":{"rendered":"http:\/\/fabricadescripts.com.br\/igrejas\/IGRE3535\/?page_id=2116"},"modified":"2023-07-06T09:20:52","modified_gmt":"2023-07-06T12:20:52","slug":"ministerio-jovem","status":"publish","type":"page","link":"https:\/\/fabricadescripts.com.br\/igrejas\/IGRE3535\/ministerio-jovem\/","title":{"rendered":"Minist\u00e9rio Jovem"},"content":{"rendered":"\t\t<div data-elementor-type=\"wp-page\" data-elementor-id=\"2116\" class=\"elementor elementor-2116\" data-elementor-post-type=\"page\">\n\t\t\t\t\t\t<section class=\"elementor-section elementor-top-section elementor-element elementor-element-fdb8eea elementor-section-boxed elementor-section-height-default elementor-section-height-default wpr-particle-no wpr-jarallax-no wpr-parallax-no wpr-sticky-section-no\" data-id=\"fdb8eea\" data-element_type=\"section\" data-settings=\"{&quot;ekit_has_onepagescroll_dot&quot;:&quot;yes&quot;}\">\n\t\t\t\t\t\t<div class=\"elementor-container elementor-column-gap-default\">\n\t\t\t\t\t<div class=\"elementor-column elementor-col-100 elementor-top-column elementor-element elementor-element-7db1e89\" data-id=\"7db1e89\" data-element_type=\"column\">\n\t\t\t<div class=\"elementor-widget-wrap\">\n\t\t\t\t\t\t\t<\/div>\n\t\t<\/div>\n\t\t\t\t\t<\/div>\n\t\t<\/section>\n\t\t\t\t<section class=\"elementor-section elementor-top-section elementor-element elementor-element-efa98e4 elementor-section-boxed elementor-section-height-default elementor-section-height-default wpr-particle-no wpr-jarallax-no wpr-parallax-no wpr-sticky-section-no\" data-id=\"efa98e4\" data-element_type=\"section\" data-settings=\"{&quot;ekit_has_onepagescroll_dot&quot;:&quot;yes&quot;}\">\n\t\t\t\t\t\t<div class=\"elementor-container elementor-column-gap-default\">\n\t\t\t\t\t<div class=\"elementor-column elementor-col-100 elementor-top-column elementor-element elementor-element-1fb6df0\" data-id=\"1fb6df0\" data-element_type=\"column\">\n\t\t\t<div class=\"elementor-widget-wrap elementor-element-populated\">\n\t\t\t\t\t\t<section class=\"elementor-section elementor-inner-section elementor-element elementor-element-a804a7b elementor-section-boxed elementor-section-height-default elementor-section-height-default wpr-particle-no wpr-jarallax-no wpr-parallax-no wpr-sticky-section-no\" data-id=\"a804a7b\" data-element_type=\"section\" data-settings=\"{&quot;ekit_has_onepagescroll_dot&quot;:&quot;yes&quot;}\">\n\t\t\t\t\t\t<div class=\"elementor-container elementor-column-gap-default\">\n\t\t\t\t\t<div class=\"elementor-column elementor-col-50 elementor-inner-column elementor-element elementor-element-ad0e702\" data-id=\"ad0e702\" data-element_type=\"column\">\n\t\t\t<div class=\"elementor-widget-wrap elementor-element-populated\">\n\t\t\t\t\t\t<div class=\"elementor-element elementor-element-a268936 elementor-widget elementor-widget-image\" data-id=\"a268936\" data-element_type=\"widget\" data-settings=\"{&quot;ekit_we_effect_on&quot;:&quot;none&quot;}\" data-widget_type=\"image.default\">\n\t\t\t\t<div class=\"elementor-widget-container\">\n\t\t\t\t\t\t\t\t\t\t\t\t\t\t\t<img fetchpriority=\"high\" decoding=\"async\" width=\"360\" height=\"200\" src=\"https:\/\/fabricadescripts.com.br\/igrejas\/IGRE3535\/wp-content\/uploads\/2023\/07\/jovens.jpg\" class=\"attachment-large size-large wp-image-2135\" alt=\"\" srcset=\"https:\/\/fabricadescripts.com.br\/igrejas\/IGRE3535\/wp-content\/uploads\/2023\/07\/jovens.jpg 360w, https:\/\/fabricadescripts.com.br\/igrejas\/IGRE3535\/wp-content\/uploads\/2023\/07\/jovens-300x167.jpg 300w, https:\/\/fabricadescripts.com.br\/igrejas\/IGRE3535\/wp-content\/uploads\/2023\/07\/jovens-260x144.jpg 260w\" sizes=\"(max-width: 360px) 100vw, 360px\" \/>\t\t\t\t\t\t\t\t\t\t\t\t\t\t\t<\/div>\n\t\t\t\t<\/div>\n\t\t\t\t\t<\/div>\n\t\t<\/div>\n\t\t\t\t<div class=\"elementor-column elementor-col-50 elementor-inner-column elementor-element elementor-element-cd70bdb\" data-id=\"cd70bdb\" data-element_type=\"column\">\n\t\t\t<div class=\"elementor-widget-wrap elementor-element-populated\">\n\t\t\t\t\t\t<div class=\"elementor-element elementor-element-04c237e elementor-widget elementor-widget-heading\" data-id=\"04c237e\" data-element_type=\"widget\" data-settings=\"{&quot;ekit_we_effect_on&quot;:&quot;none&quot;}\" data-widget_type=\"heading.default\">\n\t\t\t\t<div class=\"elementor-widget-container\">\n\t\t\t\t\t<h2 class=\"elementor-heading-title elementor-size-default\">GRUPO DE JOVENS<\/h2>\t\t\t\t<\/div>\n\t\t\t\t<\/div>\n\t\t\t\t<div class=\"elementor-element elementor-element-b723513 elementor-widget elementor-widget-text-editor\" data-id=\"b723513\" data-element_type=\"widget\" data-settings=\"{&quot;ekit_we_effect_on&quot;:&quot;none&quot;}\" data-widget_type=\"text-editor.default\">\n\t\t\t\t<div class=\"elementor-widget-container\">\n\t\t\t\t\t\t\t\t\t<div id=\"sppb-addon-1526314865691\" class=\"clearfix\"><div class=\"sppb-addon sppb-addon-text-block 0  \"><div class=\"sppb-addon-content\"><p id=\"yui_3_17_2_1_1526318122223_305\">Conjunto de a\u00e7\u00f5es de um grupo de pessoas mobilizadas por um mesmo fim.<\/p><p>Com o objetivo de impactar vidas, surgiu a necessidade de alcan\u00e7ar e amparar seres humanos em uma de suas mais complicadas fases da vida, a adolesc\u00eancia.<\/p><p>Com encontros semanais, voc\u00ea adolescente (de 12 \u00e0 99 anos) est\u00e1 convidado para estar conosco em tudo! Estaremos de bra\u00e7os abertos, bem abertos, para te receber e ensinar como ser feliz de verdade.<\/p><\/div><\/div><\/div><div id=\"sppb-addon-1526315816513\" class=\"clearfix\"><div class=\"sppb-addon sppb-addon-text-block 0  \"><h3 class=\"sppb-addon-title\"><strong>Conjunto de a\u00e7\u00f5es de um grupo de pessoas mobilizadas por um mesmo fim.<\/strong><\/h3><\/div><\/div>\t\t\t\t\t\t\t\t<\/div>\n\t\t\t\t<\/div>\n\t\t\t\t\t<\/div>\n\t\t<\/div>\n\t\t\t\t\t<\/div>\n\t\t<\/section>\n\t\t\t\t\t<\/div>\n\t\t<\/div>\n\t\t\t\t\t<\/div>\n\t\t<\/section>\n\t\t\t\t<\/div>\n\t\t","protected":false},"excerpt":{"rendered":"<p>GRUPO DE JOVENS Conjunto de a\u00e7\u00f5es de um grupo de pessoas mobilizadas por um mesmo fim. Com o objetivo de impactar vidas, surgiu a necessidade de alcan\u00e7ar e amparar seres humanos em uma de suas mais complicadas fases da vida, a adolesc\u00eancia. Com encontros semanais, voc\u00ea adolescente (de 12 \u00e0 99 anos) est\u00e1 convidado para estar conosco em tudo! Estaremos de bra\u00e7os abertos, bem abertos, para te receber e ensinar como ser feliz de verdade. Conjunto de a\u00e7\u00f5es de um grupo de pessoas mobilizadas por um mesmo fim.<\/p>\n","protected":false},"author":1,"featured_media":0,"parent":0,"menu_order":0,"comment_status":"closed","ping_status":"closed","template":"elementor_header_footer","meta":{"footnotes":""},"class_list":["post-2116","page","type-page","status-publish","hentry"],"acf":[],"_links":{"self":[{"href":"https:\/\/fabricadescripts.com.br\/igrejas\/IGRE3535\/wp-json\/wp\/v2\/pages\/2116","targetHints":{"allow":["GET"]}}],"collection":[{"href":"https:\/\/fabricadescripts.com.br\/igrejas\/IGRE3535\/wp-json\/wp\/v2\/pages"}],"about":[{"href":"https:\/\/fabricadescripts.com.br\/igrejas\/IGRE3535\/wp-json\/wp\/v2\/types\/page"}],"author":[{"embeddable":true,"href":"https:\/\/fabricadescripts.com.br\/igrejas\/IGRE3535\/wp-json\/wp\/v2\/users\/1"}],"replies":[{"embeddable":true,"href":"https:\/\/fabricadescripts.com.br\/igrejas\/IGRE3535\/wp-json\/wp\/v2\/comments?post=2116"}],"version-history":[{"count":0,"href":"https:\/\/fabricadescripts.com.br\/igrejas\/IGRE3535\/wp-json\/wp\/v2\/pages\/2116\/revisions"}],"wp:attachment":[{"href":"https:\/\/fabricadescripts.com.br\/igrejas\/IGRE3535\/wp-json\/wp\/v2\/media?parent=2116"}],"curies":[{"name":"wp","href":"https:\/\/api.w.org\/{rel}","templated":true}]}}