{"id":2009,"date":"2023-07-05T23:05:39","date_gmt":"2023-07-06T02:05:39","guid":{"rendered":"http:\/\/fabricadescripts.com.br\/igrejas\/IGRE3535\/?page_id=2009"},"modified":"2023-07-16T08:01:53","modified_gmt":"2023-07-16T11:01:53","slug":"palavra-do-pastor","status":"publish","type":"page","link":"https:\/\/fabricadescripts.com.br\/igrejas\/IGRE3535\/palavra-do-pastor\/","title":{"rendered":"Palavra do Pastor"},"content":{"rendered":"\t\t<div data-elementor-type=\"wp-page\" data-elementor-id=\"2009\" class=\"elementor elementor-2009\" data-elementor-post-type=\"page\">\n\t\t\t\t\t\t<section class=\"elementor-section elementor-top-section elementor-element elementor-element-fdb8eea elementor-section-boxed elementor-section-height-default elementor-section-height-default wpr-particle-no wpr-jarallax-no wpr-parallax-no wpr-sticky-section-no\" data-id=\"fdb8eea\" data-element_type=\"section\" data-settings=\"{&quot;ekit_has_onepagescroll_dot&quot;:&quot;yes&quot;}\">\n\t\t\t\t\t\t<div class=\"elementor-container elementor-column-gap-default\">\n\t\t\t\t\t<div class=\"elementor-column elementor-col-100 elementor-top-column elementor-element elementor-element-eb6b8bb\" data-id=\"eb6b8bb\" data-element_type=\"column\">\n\t\t\t<div class=\"elementor-widget-wrap elementor-element-populated\">\n\t\t\t\t\t\t<div class=\"elementor-element elementor-element-d0f7be7 elementor-widget elementor-widget-text-editor\" data-id=\"d0f7be7\" data-element_type=\"widget\" data-settings=\"{&quot;ekit_we_effect_on&quot;:&quot;none&quot;}\" data-widget_type=\"text-editor.default\">\n\t\t\t\t<div class=\"elementor-widget-container\">\n\t\t\t\t\t\t\t\t\t<p>Deus tem uma boa not\u00edcia para a humanidade: <strong>Salva\u00e7\u00e3o<\/strong>. Esta palavra significa<strong> livramento de determinado perigo ou opress\u00e3o<\/strong>. Morrer perdido \u00e9 a pior trag\u00e9dia que possa ocorrer! Significa sofrer eternamente no inferno afastado da presen\u00e7a de Deus. O evangelho de Cristo \u00e9 chamado de Boa-Nova porque a m\u00e1 not\u00edcia da entrada do pecado no mundo \u00e9 completamente anulada quando recebemos a Cristo como Salvador.<\/p>\t\t\t\t\t\t\t\t<\/div>\n\t\t\t\t<\/div>\n\t\t\t\t\t<\/div>\n\t\t<\/div>\n\t\t\t\t\t<\/div>\n\t\t<\/section>\n\t\t\t\t<section class=\"elementor-section elementor-top-section elementor-element elementor-element-efa98e4 elementor-section-boxed elementor-section-height-default elementor-section-height-default wpr-particle-no wpr-jarallax-no wpr-parallax-no wpr-sticky-section-no\" data-id=\"efa98e4\" data-element_type=\"section\" data-settings=\"{&quot;ekit_has_onepagescroll_dot&quot;:&quot;yes&quot;}\">\n\t\t\t\t\t\t<div class=\"elementor-container elementor-column-gap-default\">\n\t\t\t\t\t<div class=\"elementor-column elementor-col-100 elementor-top-column elementor-element elementor-element-1fb6df0\" data-id=\"1fb6df0\" data-element_type=\"column\">\n\t\t\t<div class=\"elementor-widget-wrap elementor-element-populated\">\n\t\t\t\t\t\t<section class=\"elementor-section elementor-inner-section elementor-element elementor-element-a804a7b elementor-section-boxed elementor-section-height-default elementor-section-height-default wpr-particle-no wpr-jarallax-no wpr-parallax-no wpr-sticky-section-no\" data-id=\"a804a7b\" data-element_type=\"section\" data-settings=\"{&quot;ekit_has_onepagescroll_dot&quot;:&quot;yes&quot;}\">\n\t\t\t\t\t\t<div class=\"elementor-container elementor-column-gap-default\">\n\t\t\t\t\t<div class=\"elementor-column elementor-col-50 elementor-inner-column elementor-element elementor-element-ad0e702\" data-id=\"ad0e702\" data-element_type=\"column\">\n\t\t\t<div class=\"elementor-widget-wrap elementor-element-populated\">\n\t\t\t\t\t\t<div class=\"elementor-element elementor-element-3cc3253 elementor-widget elementor-widget-spacer\" data-id=\"3cc3253\" data-element_type=\"widget\" data-settings=\"{&quot;ekit_we_effect_on&quot;:&quot;none&quot;}\" data-widget_type=\"spacer.default\">\n\t\t\t\t<div class=\"elementor-widget-container\">\n\t\t\t\t\t\t\t<div class=\"elementor-spacer\">\n\t\t\t<div class=\"elementor-spacer-inner\"><\/div>\n\t\t<\/div>\n\t\t\t\t\t\t<\/div>\n\t\t\t\t<\/div>\n\t\t\t\t<div class=\"elementor-element elementor-element-a268936 elementor-widget elementor-widget-image\" data-id=\"a268936\" data-element_type=\"widget\" data-settings=\"{&quot;ekit_we_effect_on&quot;:&quot;none&quot;}\" data-widget_type=\"image.default\">\n\t\t\t\t<div class=\"elementor-widget-container\">\n\t\t\t\t\t\t\t\t\t\t\t\t\t\t\t<img fetchpriority=\"high\" decoding=\"async\" width=\"400\" height=\"324\" src=\"https:\/\/fabricadescripts.com.br\/igrejas\/IGRE3535\/wp-content\/uploads\/2023\/07\/03-2.jpg\" class=\"attachment-large size-large wp-image-2741\" alt=\"\" srcset=\"https:\/\/fabricadescripts.com.br\/igrejas\/IGRE3535\/wp-content\/uploads\/2023\/07\/03-2.jpg 400w, https:\/\/fabricadescripts.com.br\/igrejas\/IGRE3535\/wp-content\/uploads\/2023\/07\/03-2-300x243.jpg 300w, https:\/\/fabricadescripts.com.br\/igrejas\/IGRE3535\/wp-content\/uploads\/2023\/07\/03-2-180x146.jpg 180w\" sizes=\"(max-width: 400px) 100vw, 400px\" \/>\t\t\t\t\t\t\t\t\t\t\t\t\t\t\t<\/div>\n\t\t\t\t<\/div>\n\t\t\t\t\t<\/div>\n\t\t<\/div>\n\t\t\t\t<div class=\"elementor-column elementor-col-50 elementor-inner-column elementor-element elementor-element-cd70bdb\" data-id=\"cd70bdb\" data-element_type=\"column\">\n\t\t\t<div class=\"elementor-widget-wrap elementor-element-populated\">\n\t\t\t\t\t\t<div class=\"elementor-element elementor-element-04c237e elementor-widget elementor-widget-heading\" data-id=\"04c237e\" data-element_type=\"widget\" data-settings=\"{&quot;ekit_we_effect_on&quot;:&quot;none&quot;}\" data-widget_type=\"heading.default\">\n\t\t\t\t<div class=\"elementor-widget-container\">\n\t\t\t\t\t<h2 class=\"elementor-heading-title elementor-size-default\">PASTOR PAULO ROBERTO<\/h2>\t\t\t\t<\/div>\n\t\t\t\t<\/div>\n\t\t\t\t<div class=\"elementor-element elementor-element-b723513 elementor-widget elementor-widget-text-editor\" data-id=\"b723513\" data-element_type=\"widget\" data-settings=\"{&quot;ekit_we_effect_on&quot;:&quot;none&quot;}\" data-widget_type=\"text-editor.default\">\n\t\t\t\t<div class=\"elementor-widget-container\">\n\t\t\t\t\t\t\t\t\t<p>No primeiro livro da B\u00edblia (G\u00eanesis) lemos que Deus criou tudo em perfeita harmonia. O homem foi criado \u00e0 imagem e semelhan\u00e7a de Deus, onde lhe foi dado um esp\u00edrito a fim de que pudesse comunicar-se com Deus, porque Deus \u00e9 esp\u00edrito. (Jo\u00e3o 4.24) Deus o p\u00f4s o homem em um jardim para lavr\u00e1-lo e guard\u00e1-lo. Ad\u00e3o e Eva poderiam comer de todo o fruto que havia l\u00e1, exceto da \u00e1rvore do conhecimento do bem e do mal. Se comessem morreriam espiritualmente, Isto \u00e9, seu relacionamento com Deus terminaria. A obedi\u00eancia do casal era apenas uma prova de lealdade a Deus. Eles como seres morais com capacidade de escolha, enquanto obedecessem viveriam. Por\u00e9m sabemos que eles desobedeceram e ocorreu a morte espiritual. Em Tiago 1.15 lemos: \u201cdepois, havendo a concupisc\u00eancia concebido, d\u00e1 \u00e0 luz o pecado; e o pecado, sendo consumado, gera a morte. \u201d Ent\u00e3o perderam imediatamente a comunh\u00e3o com Deus fugindo da presen\u00e7a de Deus. A partir da\u00ed eles ficaram contaminados com o pecado. J\u00e1 que fomos criados para existir eternamente, (Eclesiastes 3.14) a morte espiritual de Ad\u00e3o e Eva foi transmitida a toda a <\/p>\t\t\t\t\t\t\t\t<\/div>\n\t\t\t\t<\/div>\n\t\t\t\t\t<\/div>\n\t\t<\/div>\n\t\t\t\t\t<\/div>\n\t\t<\/section>\n\t\t\t\t<div class=\"elementor-element elementor-element-2a70137 elementor-widget elementor-widget-text-editor\" data-id=\"2a70137\" data-element_type=\"widget\" data-settings=\"{&quot;ekit_we_effect_on&quot;:&quot;none&quot;}\" data-widget_type=\"text-editor.default\">\n\t\t\t\t<div class=\"elementor-widget-container\">\n\t\t\t\t\t\t\t\t\t<p>toda a humanidade. Para nos livrar das consequ\u00eancias presentes e eternas Deus elaborou um Plano\u00a0na pessoa de seu filho Jesus Cristo a fim de nos resgatar do pecado e seus efeitos.<\/p><p>O pecado leva a morrer em v\u00e1rios sentidos: <strong>Morte Espiritual, F\u00edsica e Eterna<\/strong>. Em Jo\u00e3o 3.16 lemos: \u201cPorque Deus amou o mundo de tal maneira que deu o seu Filho unig\u00eanito, para que todo aquele que nele cr\u00ea n\u00e3o pere\u00e7a, mas tenha a vida eterna. \u201d Durante nossa exist\u00eancia na terra temos uma \u00fanica oportunidade de receber a Cristo como Salvador ou rejeit\u00e1-lo! Nosso destino na eternidade tem muito a ver com a nossa escolha. Todos os que confessam a Cristo publicamente como Salvador, recebem a salva\u00e7\u00e3o de Deus. \u00c9 um ato exclusivamente da gra\u00e7a e da miseric\u00f3rdia de Deus. Em Ef\u00e9sios 2.8,9 lemos assim: \u201cPorque pela gra\u00e7a sois salvos, por meio da f\u00e9; e isto n\u00e3o vem de v\u00f3s, \u00e9 dom de Deus. N\u00e3o vem das obras, para que ningu\u00e9m se glorie. \u201d Quem \u00e9 salvo tem por garantia a vida eterna. A salva\u00e7\u00e3o significa ser livre da morte espiritual e eterna. Consideremos alguns sentidos da palavra morte e aprendamos mais sobre o seu significado:<\/p><p>A palavra morte vem do grego \u201cthanatos\u201d significando <strong>separa\u00e7\u00e3o<\/strong>. A B\u00edblia fala de v\u00e1rios tipos de morte:<\/p><p><strong>Morte espiritual<\/strong> (Gn 2.17) -Ocorreu primeiramente com Ad\u00e3o e Eva, ainda no jardim do \u00c9den. Ao desobedecerem a Deus ficaram <strong>separados<\/strong> da comunh\u00e3o divina. O homem nasce neste estado! (Gn 2.16,17; Rm 6.23; 1Jo 3.14; Jo 5.25, 1Tm 5.6; Tg 1.15 etc.)<\/p><p><strong>Morte F\u00edsica ou corporal<\/strong> (Gn 3.19) \u2013 \u00c9 a <strong>separa\u00e7\u00e3o<\/strong> das partes materiais e imateriais do ser humano. A mat\u00e9ria (corpo) volta ao p\u00f3. Significa \u201cexpirar\u201d. (Gn 3.19; J\u00f3 34.14,15; Gn 25.7-9; Sl 146.4; Tg 2.26, etc).<\/p><p><strong>Morte Eterna ou segunda morte<\/strong> (Ap 21.8) \u2013 \u00c9 falecer sem ter recebido a Cristo como Salvador. Estes aguardar\u00e3o o Ju\u00edzo Final onde ser\u00e3o julgados e lan\u00e7ados no Lago de fogo. E s<strong>epara\u00e7\u00e3o definitiva<\/strong> da presen\u00e7a de Deus na \u201cvida\u201d do ser humano. Veja os textos: Hb 9.27; 2Ts 1.8,9; Ap 20.11-15; 21.8, etc.<\/p><p><strong>Observa\u00e7\u00e3o<\/strong>: Morte espiritual \u00e9 o <strong>estado<\/strong> em que nascemos (separados de Deus) \u00c9 tamb\u00e9m \u201cviver\u201d na\u00a0pr\u00e1tica do pecado, n\u00e3o se importando em conhecer a vontade de Deus para pratic\u00e1-la. (Lc 15.32; Ef 2.1-3). Significa viver de forma mundana. (Tg 4.4; 1 Jo 2.15-17; 5.19) esse tipo de morte pode ser tempor\u00e1rio se a pessoa se converter\u00a0enquanto vivo fisicamente. Cristo disse: \u201cEm verdade, em verdade vos digo: quem ouve a minha palavra e cr\u00ea naquele que me enviou tem a vida eterna, n\u00e3o entra em ju\u00edzo, mas\u00a0passou da morte para a vida. \u201d (Jo 5.24) Isto significa que vai estar com Cristo quando morrer fisicamente. (Lc 23.43)\u00a0Por\u00e9m se passar pela morte f\u00edsica sem ter recebido a Cristo como salvador, n\u00e3o se convertendo, o destino \u00e9 o Hades (inferno) onde aguardar\u00e1 o Ju\u00edzo Final (Lc 16.23; Jo 12.48; Sl 9.17)<\/p><p>\u00a0<\/p><p><strong>2.Passos para a Salva\u00e7\u00e3o:<\/strong><\/p><p>A nossa convers\u00e3o vem com a convic\u00e7\u00e3o de nosso estado pecaminoso. O Esp\u00edrito Santo convence o homem do pecado, da justi\u00e7a e do ju\u00edzo. (Jo\u00e3o 16.8-11) Ele comunica ao homem que este precisa\u00a0confessar a Cristo como Salvador para receber o perd\u00e3o dos pecados. (Rm 10.8-11). Arrependimento \u00e9 a f\u00e9 est\u00e3o inclusos no ato da convers\u00e3o.<\/p><p><strong>Arrependimento<\/strong> \u2013 Significa mudar de ideia, dire\u00e7\u00e3o ou prop\u00f3sito. Se expressa atrav\u00e9s de uma tristeza por haver pecado contra Deus. Uma pessoa arrependida se disp\u00f5e a abandonar completamente a vida de pecado e se volta para Deus. O Esp\u00edrito Santo \u00e9 quem opera o arrependimento no homem. Veja a atitude do filho prodigo em Lucas 15.18-19. Leia tamb\u00e9m 2 Cor\u00edntios 7.10.<\/p><p><strong>F\u00e9<\/strong> \u2013 \u00c9 a convic\u00e7\u00e3o de que Cristo nos aceita e nos perdoa. \u00c9 Reconhecer que Deus \u00e9 fiel em suas promessas. Isto nos traz certeza e profunda paz.\u00a0 A par\u00e1bola do filho pr\u00f3digo mostra que ele depositou f\u00e9 no pai, ele sabia que o pai o perdoaria e o aceitaria de volta! (Lc 15.18-20) Leia tamb\u00e9m Miqu\u00e9ias 7.18,19!<\/p><p>\u00a0<\/p><p><strong>3.Aspectos da Salva\u00e7\u00e3o<\/strong><\/p><p>\u00a0<\/p><p><strong>Justifica\u00e7\u00e3o<\/strong> \u2013 \u00c9 um ato da Gra\u00e7a de Deus onde Ele declara justo quem receber pela f\u00e9 a Cristo como Salvador. \u00c9 um termo judicial que lembra um tribunal onde Deus absolve o pecador (r\u00e9u) de suas transgress\u00f5es para com a Sua santa Lei e o declara justo e inocente. (Rm 5.1; 1 Co 6.11) A pessoa obt\u00e9m a condi\u00e7\u00e3o de estar em conformidade com Lei de Deus em todos os seus aspectos. (Rm 3.24)<\/p><p><strong>Regenera\u00e7\u00e3o<\/strong> \u2013 \u00c9 a natureza de Deus implantada em n\u00f3s operando o novo nascimento. (Tg 1.18; 1 Jo 5.1; Tt 3.5) Tamb\u00e9m \u00e9\u00a0uma mudan\u00e7a de condi\u00e7\u00e3o: Um pecador que servia ao diabo e era por natureza inimigo de Deus, em Cristo ele se torna filho de Deus atrav\u00e9s da\u00a0<strong>ado\u00e7\u00e3o<\/strong> (Jo 1.12, 1 Jo 3.24)<\/p><p><strong>Santifica\u00e7\u00e3o<\/strong> \u2013 \u00c9 um ato da Gra\u00e7a de Deus onde o pecador abandona as pr\u00e1ticas pecaminosas e \u00e9 restaurado \u00e0 comunh\u00e3o com Deus separando-se (santificando-se) para o servi\u00e7o de Deus. (Lv 20.26; 1 Pe 2.9,10) significa \u201candar na luz\u201d (1 Jo 1.7). Nas palavras de Paulo, \u201cagradar a Deus\u201d(1Ts 4.1) e \u201cviver de modo digno do Senhor.\u201d (Cl 1.10) A santifica\u00e7\u00e3o \u00e9 t\u00e3o importante que sem ela ningu\u00e9m ver\u00e1 o Senhor. (Hb 12.14) \u201cPara que se saiba desde a nascente do sol, e desde o poente, que fora de mim n\u00e3o h\u00e1 outro; eu sou o Senhor, e n\u00e3o h\u00e1 outro. \u201d (Isa\u00edas 45. 6)<\/p><p>\u00a0<\/p><p><strong><em>\u201cPor esta raz\u00e3o, pois, te admoesto que reavives o dom de Deus que h\u00e1 em ti pela imposi\u00e7\u00e3o das minhas m\u00e3os. \u201d (2 Tim\u00f3teo 1.6)<\/em><\/strong><\/p>\t\t\t\t\t\t\t\t<\/div>\n\t\t\t\t<\/div>\n\t\t\t\t\t<\/div>\n\t\t<\/div>\n\t\t\t\t\t<\/div>\n\t\t<\/section>\n\t\t\t\t<\/div>\n\t\t","protected":false},"excerpt":{"rendered":"<p>Deus tem uma boa not\u00edcia para a humanidade: Salva\u00e7\u00e3o. Esta palavra significa livramento de determinado perigo ou opress\u00e3o. Morrer perdido \u00e9 a pior trag\u00e9dia que possa ocorrer! Significa sofrer eternamente no inferno afastado da presen\u00e7a de Deus. O evangelho de Cristo \u00e9 chamado de Boa-Nova porque a m\u00e1 not\u00edcia da entrada do pecado no mundo \u00e9 completamente anulada quando recebemos a Cristo como Salvador. PASTOR PAULO ROBERTO No primeiro livro da B\u00edblia (G\u00eanesis) lemos que Deus criou tudo em perfeita harmonia. O homem foi criado \u00e0 imagem e semelhan\u00e7a de Deus, onde lhe foi dado um esp\u00edrito a fim de que pudesse comunicar-se com Deus, porque Deus \u00e9 esp\u00edrito. (Jo\u00e3o 4.24) Deus o p\u00f4s o homem em um jardim para lavr\u00e1-lo e guard\u00e1-lo. Ad\u00e3o e Eva poderiam comer de todo o fruto que havia l\u00e1, exceto da \u00e1rvore do conhecimento do bem e do mal. Se comessem morreriam espiritualmente, Isto \u00e9, seu relacionamento com Deus terminaria. A obedi\u00eancia do casal era apenas uma prova de lealdade a Deus. Eles como seres morais com capacidade de escolha, enquanto obedecessem viveriam. Por\u00e9m sabemos que eles desobedeceram e ocorreu a morte espiritual. Em Tiago 1.15 lemos: \u201cdepois, havendo a concupisc\u00eancia concebido, d\u00e1 \u00e0 luz o pecado; e o pecado, sendo consumado, gera a morte. \u201d Ent\u00e3o perderam imediatamente a comunh\u00e3o com Deus fugindo da presen\u00e7a de Deus. A partir da\u00ed eles ficaram contaminados com o pecado. J\u00e1 que fomos criados para existir eternamente, (Eclesiastes 3.14) a morte espiritual de Ad\u00e3o e Eva foi transmitida a toda a toda a humanidade. Para nos livrar das consequ\u00eancias presentes e eternas Deus elaborou um Plano\u00a0na pessoa de seu filho Jesus Cristo a fim de nos resgatar do pecado e seus efeitos. O pecado leva a morrer em v\u00e1rios sentidos: Morte Espiritual, F\u00edsica e Eterna. Em Jo\u00e3o 3.16 lemos: \u201cPorque Deus amou o mundo de tal maneira que deu o seu Filho unig\u00eanito, para que todo aquele que nele cr\u00ea n\u00e3o pere\u00e7a, mas tenha a vida eterna. \u201d Durante nossa exist\u00eancia na terra temos uma \u00fanica oportunidade de receber a Cristo como Salvador ou rejeit\u00e1-lo! Nosso destino na eternidade tem muito a ver com a nossa escolha. Todos os que confessam a Cristo publicamente como Salvador, recebem a salva\u00e7\u00e3o de Deus. \u00c9 um ato exclusivamente da gra\u00e7a e da miseric\u00f3rdia de Deus. Em Ef\u00e9sios 2.8,9 lemos assim: \u201cPorque pela gra\u00e7a sois salvos, por meio da f\u00e9; e isto n\u00e3o vem de v\u00f3s, \u00e9 dom de Deus. N\u00e3o vem das obras, para que ningu\u00e9m se glorie. \u201d Quem \u00e9 salvo tem por garantia a vida eterna. A salva\u00e7\u00e3o significa ser livre da morte espiritual e eterna. Consideremos alguns sentidos da palavra morte e aprendamos mais sobre o seu significado: A palavra morte vem do grego \u201cthanatos\u201d significando separa\u00e7\u00e3o. A B\u00edblia fala de v\u00e1rios tipos de morte: Morte espiritual (Gn 2.17) -Ocorreu primeiramente com Ad\u00e3o e Eva, ainda no jardim do \u00c9den. Ao desobedecerem a Deus ficaram separados da comunh\u00e3o divina. O homem nasce neste estado! (Gn 2.16,17; Rm 6.23; 1Jo 3.14; Jo 5.25, 1Tm 5.6; Tg 1.15 etc.) Morte F\u00edsica ou corporal (Gn 3.19) \u2013 \u00c9 a separa\u00e7\u00e3o das partes materiais e imateriais do ser humano. A mat\u00e9ria (corpo) volta ao p\u00f3. Significa \u201cexpirar\u201d. (Gn 3.19; J\u00f3 34.14,15; Gn 25.7-9; Sl 146.4; Tg 2.26, etc). Morte Eterna ou segunda morte (Ap 21.8) \u2013 \u00c9 falecer sem ter recebido a Cristo como Salvador. Estes aguardar\u00e3o o Ju\u00edzo Final onde ser\u00e3o julgados e lan\u00e7ados no Lago de fogo. E separa\u00e7\u00e3o definitiva da presen\u00e7a de Deus na \u201cvida\u201d do ser humano. Veja os textos: Hb 9.27; 2Ts 1.8,9; Ap 20.11-15; 21.8, etc. Observa\u00e7\u00e3o: Morte espiritual \u00e9 o estado em que nascemos (separados de Deus) \u00c9 tamb\u00e9m \u201cviver\u201d na\u00a0pr\u00e1tica do pecado, n\u00e3o se importando em conhecer a vontade de Deus para pratic\u00e1-la. (Lc 15.32; Ef 2.1-3). Significa viver de forma mundana. (Tg 4.4; 1 Jo 2.15-17; 5.19) esse tipo de morte pode ser tempor\u00e1rio se a pessoa se converter\u00a0enquanto vivo fisicamente. Cristo disse: \u201cEm verdade, em verdade vos digo: quem ouve a minha palavra e cr\u00ea naquele que me enviou tem a vida eterna, n\u00e3o entra em ju\u00edzo, mas\u00a0passou da morte para a vida. \u201d (Jo 5.24) Isto significa que vai estar com Cristo quando morrer fisicamente. (Lc 23.43)\u00a0Por\u00e9m se passar pela morte f\u00edsica sem ter recebido a Cristo como salvador, n\u00e3o se convertendo, o destino \u00e9 o Hades (inferno) onde aguardar\u00e1 o Ju\u00edzo Final (Lc 16.23; Jo 12.48; Sl 9.17) \u00a0 2.Passos para a Salva\u00e7\u00e3o: A nossa convers\u00e3o vem com a convic\u00e7\u00e3o de nosso estado pecaminoso. O Esp\u00edrito Santo convence o homem do pecado, da justi\u00e7a e do ju\u00edzo. (Jo\u00e3o 16.8-11) Ele comunica ao homem que este precisa\u00a0confessar a Cristo como Salvador para receber o perd\u00e3o dos pecados. (Rm 10.8-11). Arrependimento \u00e9 a f\u00e9 est\u00e3o inclusos no ato da convers\u00e3o. Arrependimento \u2013 Significa mudar de ideia, dire\u00e7\u00e3o ou prop\u00f3sito. Se expressa atrav\u00e9s de uma tristeza por haver pecado contra Deus. Uma pessoa arrependida se disp\u00f5e a abandonar completamente a vida de pecado e se volta para Deus. O Esp\u00edrito Santo \u00e9 quem opera o arrependimento no homem. Veja a atitude do filho prodigo em Lucas 15.18-19. Leia tamb\u00e9m 2 Cor\u00edntios 7.10. F\u00e9 \u2013 \u00c9 a convic\u00e7\u00e3o de que Cristo nos aceita e nos perdoa. \u00c9 Reconhecer que Deus \u00e9 fiel em suas promessas. Isto nos traz certeza e profunda paz.\u00a0 A par\u00e1bola do filho pr\u00f3digo mostra que ele depositou f\u00e9 no pai, ele sabia que o pai o perdoaria e o aceitaria de volta! (Lc 15.18-20) Leia tamb\u00e9m Miqu\u00e9ias 7.18,19! \u00a0 3.Aspectos da Salva\u00e7\u00e3o \u00a0 Justifica\u00e7\u00e3o \u2013 \u00c9 um ato da Gra\u00e7a de Deus onde Ele declara justo quem receber pela f\u00e9 a Cristo como Salvador. \u00c9 um termo judicial que lembra um tribunal onde Deus absolve o pecador (r\u00e9u) de suas transgress\u00f5es para com a Sua santa Lei e o declara justo e inocente. (Rm 5.1; 1 Co 6.11) A pessoa obt\u00e9m a condi\u00e7\u00e3o de estar em conformidade com Lei de Deus em todos os seus aspectos. (Rm 3.24)<\/p>\n","protected":false},"author":1,"featured_media":0,"parent":0,"menu_order":0,"comment_status":"closed","ping_status":"closed","template":"elementor_header_footer","meta":{"footnotes":""},"class_list":["post-2009","page","type-page","status-publish","hentry"],"acf":[],"_links":{"self":[{"href":"https:\/\/fabricadescripts.com.br\/igrejas\/IGRE3535\/wp-json\/wp\/v2\/pages\/2009","targetHints":{"allow":["GET"]}}],"collection":[{"href":"https:\/\/fabricadescripts.com.br\/igrejas\/IGRE3535\/wp-json\/wp\/v2\/pages"}],"about":[{"href":"https:\/\/fabricadescripts.com.br\/igrejas\/IGRE3535\/wp-json\/wp\/v2\/types\/page"}],"author":[{"embeddable":true,"href":"https:\/\/fabricadescripts.com.br\/igrejas\/IGRE3535\/wp-json\/wp\/v2\/users\/1"}],"replies":[{"embeddable":true,"href":"https:\/\/fabricadescripts.com.br\/igrejas\/IGRE3535\/wp-json\/wp\/v2\/comments?post=2009"}],"version-history":[{"count":0,"href":"https:\/\/fabricadescripts.com.br\/igrejas\/IGRE3535\/wp-json\/wp\/v2\/pages\/2009\/revisions"}],"wp:attachment":[{"href":"https:\/\/fabricadescripts.com.br\/igrejas\/IGRE3535\/wp-json\/wp\/v2\/media?parent=2009"}],"curies":[{"name":"wp","href":"https:\/\/api.w.org\/{rel}","templated":true}]}}