{"id":1974,"date":"2023-07-05T22:36:09","date_gmt":"2023-07-06T01:36:09","guid":{"rendered":"http:\/\/fabricadescripts.com.br\/igrejas\/IGRE3535\/?page_id=1974"},"modified":"2023-07-06T16:38:36","modified_gmt":"2023-07-06T19:38:36","slug":"dias-de-cultos","status":"publish","type":"page","link":"https:\/\/fabricadescripts.com.br\/igrejas\/IGRE3535\/dias-de-cultos\/","title":{"rendered":"Dias de Cultos"},"content":{"rendered":"\t\t<div data-elementor-type=\"wp-page\" data-elementor-id=\"1974\" class=\"elementor elementor-1974\" data-elementor-post-type=\"page\">\n\t\t\t\t\t\t<section class=\"elementor-section elementor-top-section elementor-element elementor-element-fdb8eea elementor-section-boxed elementor-section-height-default elementor-section-height-default wpr-particle-no wpr-jarallax-no wpr-parallax-no wpr-sticky-section-no\" data-id=\"fdb8eea\" data-element_type=\"section\" data-settings=\"{&quot;ekit_has_onepagescroll_dot&quot;:&quot;yes&quot;}\">\n\t\t\t\t\t\t<div class=\"elementor-container elementor-column-gap-default\">\n\t\t\t\t\t<div class=\"elementor-column elementor-col-100 elementor-top-column elementor-element elementor-element-7db1e89\" data-id=\"7db1e89\" data-element_type=\"column\">\n\t\t\t<div class=\"elementor-widget-wrap elementor-element-populated\">\n\t\t\t\t\t\t<div class=\"elementor-element elementor-element-6d644a4 elementor-widget elementor-widget-heading\" data-id=\"6d644a4\" data-element_type=\"widget\" data-settings=\"{&quot;ekit_we_effect_on&quot;:&quot;none&quot;}\" data-widget_type=\"heading.default\">\n\t\t\t\t<div class=\"elementor-widget-container\">\n\t\t\t\t\t<h2 class=\"elementor-heading-title elementor-size-default\">Dias de Cultos<\/h2>\t\t\t\t<\/div>\n\t\t\t\t<\/div>\n\t\t\t\t<div class=\"elementor-element elementor-element-19c6aee elementor-widget elementor-widget-heading\" data-id=\"19c6aee\" data-element_type=\"widget\" data-settings=\"{&quot;ekit_we_effect_on&quot;:&quot;none&quot;}\" data-widget_type=\"heading.default\">\n\t\t\t\t<div class=\"elementor-widget-container\">\n\t\t\t\t\t<h2 class=\"elementor-heading-title elementor-size-default\">Confira abaixo os dias de nossas reuni\u00f5es<\/h2>\t\t\t\t<\/div>\n\t\t\t\t<\/div>\n\t\t\t\t\t<\/div>\n\t\t<\/div>\n\t\t\t\t\t<\/div>\n\t\t<\/section>\n\t\t\t\t<section class=\"elementor-section elementor-top-section elementor-element elementor-element-3e69275 elementor-section-boxed elementor-section-height-default elementor-section-height-default wpr-particle-no wpr-jarallax-no wpr-parallax-no wpr-sticky-section-no\" data-id=\"3e69275\" data-element_type=\"section\" data-settings=\"{&quot;ekit_has_onepagescroll_dot&quot;:&quot;yes&quot;}\">\n\t\t\t\t\t\t<div class=\"elementor-container elementor-column-gap-default\">\n\t\t\t\t\t<div class=\"elementor-column elementor-col-100 elementor-top-column elementor-element elementor-element-fe0ac0b\" data-id=\"fe0ac0b\" data-element_type=\"column\">\n\t\t\t<div class=\"elementor-widget-wrap elementor-element-populated\">\n\t\t\t\t\t\t<div class=\"elementor-element elementor-element-b125ff4 elementor-widget elementor-widget-ucaddon_uc_icon_accordion\" data-id=\"b125ff4\" data-element_type=\"widget\" data-settings=\"{&quot;ekit_we_effect_on&quot;:&quot;none&quot;}\" data-widget_type=\"ucaddon_uc_icon_accordion.default\">\n\t\t\t\t<div class=\"elementor-widget-container\">\n\t\t\t\t\t\n<!-- start Icon Accordion -->\n\t\t<link id='font-awesome-css' href='https:\/\/fabricadescripts.com.br\/igrejas\/IGRE3535\/wp-content\/plugins\/unlimited-elements-for-elementor-premium\/assets_libraries\/font-awesome6\/fontawesome-all.min.css' type='text\/css' rel='stylesheet' >\n\t\t<link id='font-awesome-4-shim-css' href='https:\/\/fabricadescripts.com.br\/igrejas\/IGRE3535\/wp-content\/plugins\/unlimited-elements-for-elementor-premium\/assets_libraries\/font-awesome6\/fontawesome-v4-shims.min.css' type='text\/css' rel='stylesheet' >\n\n<style>\/* widget: Icon Accordion *\/\n\n#uc_uc_icon_accordion_elementor_b125ff4 *{\n\tbox-sizing: border-box;\n}\n#uc_uc_icon_accordion_elementor_b125ff4 .uc_container .ue-heading\n{\n\tcursor:pointer;\n    display:flex;\n    align-items:center;\n    transition:0.3s;\n}\n#uc_uc_icon_accordion_elementor_b125ff4 .uc_container .ue_content\n{\n    display:none;\n}\n\n#uc_uc_icon_accordion_elementor_b125ff4 .uc_container .uc-heading span.bbb\n{\n\tdisplay:block;\n\t\n}\n\n\n\n#uc_uc_icon_accordion_elementor_b125ff4 .uc_container .ue-heading span.uc_dactive\n{\n\tdisplay:block;\n\t\n}\n\n\n#uc_uc_icon_accordion_elementor_b125ff4 .uc_container .ue-heading span.uc_active\n{\n\tdisplay:none;\n}\n\n#uc_uc_icon_accordion_elementor_b125ff4 .uc_container .uc-heading span.uc_dactive\n{\n\tdisplay:block;\n}\n\n#uc_uc_icon_accordion_elementor_b125ff4 .uc_container .ue-heading.active span.uc_active\n{\n\tdisplay:block;\n\n}\n\n#uc_uc_icon_accordion_elementor_b125ff4 .uc_container .ue-heading.active span.uc_dactive\n{\n\tdisplay:none;\n}\n\n#uc_uc_icon_accordion_elementor_b125ff4 .ue_icon_holder, #uc_uc_icon_accordion_elementor_b125ff4 .ue_icon_spacing\n{\n  flex-grow:0;\n  flex-shrink:0; \n}\n\n#uc_uc_icon_accordion_elementor_b125ff4 .ue_icon\n{\n  display:flex;\n  justify-content:center;\n  align-items:center;\n  line-height:1em;\n  transition:0.3s;\n}\n\n#uc_uc_icon_accordion_elementor_b125ff4 .ue_icon svg\n{\n  height:1em;\n  width:1em;\n}\n\n#uc_uc_icon_accordion_elementor_b125ff4 .ue_expand_inside\n{\n  display:flex;\n  justify-content:center;\n  align-items:center;\n  line-height:1em;\n}\n\n#uc_uc_icon_accordion_elementor_b125ff4 .ue_expand_inside svg\n{\n  height:1em;\n  width:1em;\n}\n\n#uc_uc_icon_accordion_elementor_b125ff4 .ue_expand, #uc_uc_icon_accordion_elementor_b125ff4 .ue_expand_spacing\n{\n  flex-grow:0;\n  flex-shrink:0;\n}\n\n#uc_uc_icon_accordion_elementor_b125ff4 .ue_title\n{\n  flex-grow:1;\n}\n\n#uc_uc_icon_accordion_elementor_b125ff4 .ue-item:last-child\n{\n  margin-bottom:0px;\n}\n\n#uc_uc_icon_accordion_elementor_b125ff4 .ue-item\n{\n  overflow:hidden;\n}\n#uc_uc_icon_accordion_elementor_b125ff4_item1 .ue_icon\n{\n  background-color:;\n}\n\n#uc_uc_icon_accordion_elementor_b125ff4_item1 .ue-heading\n{\n  background-color:;\n}\n#uc_uc_icon_accordion_elementor_b125ff4_item2 .ue_icon\n{\n  background-color:;\n}\n\n#uc_uc_icon_accordion_elementor_b125ff4_item2 .ue-heading\n{\n  background-color:;\n}\n\n\n<\/style>\n\n<div class=\"uc_icon_accordion\" id=\"uc_uc_icon_accordion_elementor_b125ff4\">\n    \t<div class=\"uc_container\">\n            <div class=\"uc_ac_box ue-item elementor-repeater-item-65305a6\" style=\"overflow:visible;\" id=\"uc_uc_icon_accordion_elementor_b125ff4_item1\">\n  <div class=\"ue-heading uc_trigger-uc_uc_icon_accordion_elementor_b125ff4\" id=\"uc_uc_icon_accordion_elementor_b125ff4\" style=\"overflow:visible;clear:both;\">\n    \n    \n        <div class=\"ue_icon_holder\">\n      <div class=\"ue_icon\"><i class='fas fa-book-reader'><\/i><\/div>\n    <\/div>\n    <div class=\"ue_icon_spacing\"><\/div>\n        \n    <div class=\"ue_title\">Domingo<\/div>\n    \n    \n        <div class=\"ue_expand_spacing\"><\/div>\n    <div class=\"ue_expand\">\n      <div class=\"ue_expand_inside\">\n      <span class=\"uc_dactive bbb\" ><i class='fas fa-plus'><\/i><\/span>\n      <span class=\"uc_active bbb\"><i class='fas fa-minus'><\/i><\/span>\n      <\/div>\n    <\/div>\n        \n  <\/div>\n  <!-- end of heading -->\n  \n  \n  <div class=\"ue_content\">\n          <p><strong>EBD - 09:00h<\/strong><\/p><p><strong>Culto de Ador\u00e7\u00e3o - 18:00h<\/strong><\/p>\n     \n    \n     \n    \n  <\/div>\n  <span style=\"clear:both;display:block;\"><\/span>\n<\/div>\n<div class=\"uc_ac_box ue-item elementor-repeater-item-9a64dc4\" style=\"overflow:visible;\" id=\"uc_uc_icon_accordion_elementor_b125ff4_item2\">\n  <div class=\"ue-heading uc_trigger-uc_uc_icon_accordion_elementor_b125ff4\" id=\"uc_uc_icon_accordion_elementor_b125ff4\" style=\"overflow:visible;clear:both;\">\n    \n    \n        <div class=\"ue_icon_holder\">\n      <div class=\"ue_icon\"><i class='fas fa-book-reader'><\/i><\/div>\n    <\/div>\n    <div class=\"ue_icon_spacing\"><\/div>\n        \n    <div class=\"ue_title\">Quinta-Feira<\/div>\n    \n    \n        <div class=\"ue_expand_spacing\"><\/div>\n    <div class=\"ue_expand\">\n      <div class=\"ue_expand_inside\">\n      <span class=\"uc_dactive bbb\" ><i class='fas fa-plus'><\/i><\/span>\n      <span class=\"uc_active bbb\"><i class='fas fa-minus'><\/i><\/span>\n      <\/div>\n    <\/div>\n        \n  <\/div>\n  <!-- end of heading -->\n  \n  \n  <div class=\"ue_content\">\n          <p><strong>Culto de Avivamento - 19:30<\/strong><\/p>\n     \n    \n     \n    \n  <\/div>\n  <span style=\"clear:both;display:block;\"><\/span>\n<\/div>\n\n        <\/div>\n<\/div>\n<!-- end Icon Accordion -->\t\t\t\t<\/div>\n\t\t\t\t<\/div>\n\t\t\t\t\t<\/div>\n\t\t<\/div>\n\t\t\t\t\t<\/div>\n\t\t<\/section>\n\t\t\t\t<section class=\"elementor-section elementor-top-section elementor-element elementor-element-51dd5cf elementor-section-boxed elementor-section-height-default elementor-section-height-default wpr-particle-no wpr-jarallax-no wpr-parallax-no wpr-sticky-section-no\" data-id=\"51dd5cf\" data-element_type=\"section\" data-settings=\"{&quot;ekit_has_onepagescroll_dot&quot;:&quot;yes&quot;}\">\n\t\t\t\t\t\t<div class=\"elementor-container elementor-column-gap-default\">\n\t\t\t\t\t<div class=\"elementor-column elementor-col-100 elementor-top-column elementor-element elementor-element-09f1b3c\" data-id=\"09f1b3c\" data-element_type=\"column\">\n\t\t\t<div class=\"elementor-widget-wrap elementor-element-populated\">\n\t\t\t\t\t\t<div class=\"elementor-element elementor-element-0b40bb7 elementor-widget elementor-widget-spacer\" data-id=\"0b40bb7\" data-element_type=\"widget\" data-settings=\"{&quot;ekit_we_effect_on&quot;:&quot;none&quot;}\" data-widget_type=\"spacer.default\">\n\t\t\t\t<div class=\"elementor-widget-container\">\n\t\t\t\t\t\t\t<div class=\"elementor-spacer\">\n\t\t\t<div class=\"elementor-spacer-inner\"><\/div>\n\t\t<\/div>\n\t\t\t\t\t\t<\/div>\n\t\t\t\t<\/div>\n\t\t\t\t\t<\/div>\n\t\t<\/div>\n\t\t\t\t\t<\/div>\n\t\t<\/section>\n\t\t\t\t<\/div>\n\t\t","protected":false},"excerpt":{"rendered":"<p>Dias de Cultos Confira abaixo os dias de nossas reuni\u00f5es Domingo EBD &#8211; 09:00h Culto de Ador\u00e7\u00e3o &#8211; 18:00h Quinta-Feira Culto de Avivamento &#8211; 19:30<\/p>\n","protected":false},"author":1,"featured_media":0,"parent":0,"menu_order":0,"comment_status":"closed","ping_status":"closed","template":"elementor_header_footer","meta":{"footnotes":""},"class_list":["post-1974","page","type-page","status-publish","hentry"],"acf":[],"_links":{"self":[{"href":"https:\/\/fabricadescripts.com.br\/igrejas\/IGRE3535\/wp-json\/wp\/v2\/pages\/1974","targetHints":{"allow":["GET"]}}],"collection":[{"href":"https:\/\/fabricadescripts.com.br\/igrejas\/IGRE3535\/wp-json\/wp\/v2\/pages"}],"about":[{"href":"https:\/\/fabricadescripts.com.br\/igrejas\/IGRE3535\/wp-json\/wp\/v2\/types\/page"}],"author":[{"embeddable":true,"href":"https:\/\/fabricadescripts.com.br\/igrejas\/IGRE3535\/wp-json\/wp\/v2\/users\/1"}],"replies":[{"embeddable":true,"href":"https:\/\/fabricadescripts.com.br\/igrejas\/IGRE3535\/wp-json\/wp\/v2\/comments?post=1974"}],"version-history":[{"count":0,"href":"https:\/\/fabricadescripts.com.br\/igrejas\/IGRE3535\/wp-json\/wp\/v2\/pages\/1974\/revisions"}],"wp:attachment":[{"href":"https:\/\/fabricadescripts.com.br\/igrejas\/IGRE3535\/wp-json\/wp\/v2\/media?parent=1974"}],"curies":[{"name":"wp","href":"https:\/\/api.w.org\/{rel}","templated":true}]}}