{"id":1933,"date":"2023-07-05T22:13:59","date_gmt":"2023-07-06T01:13:59","guid":{"rendered":"http:\/\/fabricadescripts.com.br\/igrejas\/IGRE3535\/?page_id=1933"},"modified":"2023-07-16T07:44:15","modified_gmt":"2023-07-16T10:44:15","slug":"principais-atividades","status":"publish","type":"page","link":"https:\/\/fabricadescripts.com.br\/igrejas\/IGRE3535\/principais-atividades\/","title":{"rendered":"Principais Atividades"},"content":{"rendered":"\t\t<div data-elementor-type=\"wp-page\" data-elementor-id=\"1933\" class=\"elementor elementor-1933\" data-elementor-post-type=\"page\">\n\t\t\t\t\t\t<section class=\"elementor-section elementor-top-section elementor-element elementor-element-fdb8eea elementor-section-boxed elementor-section-height-default elementor-section-height-default wpr-particle-no wpr-jarallax-no wpr-parallax-no wpr-sticky-section-no\" data-id=\"fdb8eea\" data-element_type=\"section\" data-settings=\"{&quot;ekit_has_onepagescroll_dot&quot;:&quot;yes&quot;}\">\n\t\t\t\t\t\t<div class=\"elementor-container elementor-column-gap-default\">\n\t\t\t\t\t<div class=\"elementor-column elementor-col-100 elementor-top-column elementor-element elementor-element-7db1e89\" data-id=\"7db1e89\" data-element_type=\"column\">\n\t\t\t<div class=\"elementor-widget-wrap elementor-element-populated\">\n\t\t\t\t\t\t<div class=\"elementor-element elementor-element-6d644a4 elementor-widget elementor-widget-heading\" data-id=\"6d644a4\" data-element_type=\"widget\" data-settings=\"{&quot;ekit_we_effect_on&quot;:&quot;none&quot;}\" data-widget_type=\"heading.default\">\n\t\t\t\t<div class=\"elementor-widget-container\">\n\t\t\t\t\t<h2 class=\"elementor-heading-title elementor-size-default\">Principais Atividades<\/h2>\t\t\t\t<\/div>\n\t\t\t\t<\/div>\n\t\t\t\t\t<\/div>\n\t\t<\/div>\n\t\t\t\t\t<\/div>\n\t\t<\/section>\n\t\t\t\t<section class=\"elementor-section elementor-top-section elementor-element elementor-element-efa98e4 elementor-section-boxed elementor-section-height-default elementor-section-height-default wpr-particle-no wpr-jarallax-no wpr-parallax-no wpr-sticky-section-no\" data-id=\"efa98e4\" data-element_type=\"section\" data-settings=\"{&quot;ekit_has_onepagescroll_dot&quot;:&quot;yes&quot;}\">\n\t\t\t\t\t\t<div class=\"elementor-container elementor-column-gap-default\">\n\t\t\t\t\t<div class=\"elementor-column elementor-col-100 elementor-top-column elementor-element elementor-element-1fb6df0\" data-id=\"1fb6df0\" data-element_type=\"column\">\n\t\t\t<div class=\"elementor-widget-wrap elementor-element-populated\">\n\t\t\t\t\t\t<section class=\"elementor-section elementor-inner-section elementor-element elementor-element-a804a7b elementor-section-boxed elementor-section-height-default elementor-section-height-default wpr-particle-no wpr-jarallax-no wpr-parallax-no wpr-sticky-section-no\" data-id=\"a804a7b\" data-element_type=\"section\" data-settings=\"{&quot;ekit_has_onepagescroll_dot&quot;:&quot;yes&quot;}\">\n\t\t\t\t\t\t<div class=\"elementor-container elementor-column-gap-default\">\n\t\t\t\t\t<div class=\"elementor-column elementor-col-50 elementor-inner-column elementor-element elementor-element-ad0e702\" data-id=\"ad0e702\" data-element_type=\"column\">\n\t\t\t<div class=\"elementor-widget-wrap elementor-element-populated\">\n\t\t\t\t\t\t<div class=\"elementor-element elementor-element-a268936 elementor-widget elementor-widget-image\" data-id=\"a268936\" data-element_type=\"widget\" data-settings=\"{&quot;ekit_we_effect_on&quot;:&quot;none&quot;}\" data-widget_type=\"image.default\">\n\t\t\t\t<div class=\"elementor-widget-container\">\n\t\t\t\t\t\t\t\t\t\t\t\t\t\t\t<img fetchpriority=\"high\" decoding=\"async\" width=\"480\" height=\"319\" src=\"https:\/\/fabricadescripts.com.br\/igrejas\/IGRE3535\/wp-content\/uploads\/2023\/07\/i.webp\" class=\"attachment-large size-large wp-image-1941\" alt=\"\" srcset=\"https:\/\/fabricadescripts.com.br\/igrejas\/IGRE3535\/wp-content\/uploads\/2023\/07\/i.webp 480w, https:\/\/fabricadescripts.com.br\/igrejas\/IGRE3535\/wp-content\/uploads\/2023\/07\/i-300x199.webp 300w, https:\/\/fabricadescripts.com.br\/igrejas\/IGRE3535\/wp-content\/uploads\/2023\/07\/i-220x146.webp 220w\" sizes=\"(max-width: 480px) 100vw, 480px\" \/>\t\t\t\t\t\t\t\t\t\t\t\t\t\t\t<\/div>\n\t\t\t\t<\/div>\n\t\t\t\t\t<\/div>\n\t\t<\/div>\n\t\t\t\t<div class=\"elementor-column elementor-col-50 elementor-inner-column elementor-element elementor-element-cd70bdb\" data-id=\"cd70bdb\" data-element_type=\"column\">\n\t\t\t<div class=\"elementor-widget-wrap elementor-element-populated\">\n\t\t\t\t\t\t<div class=\"elementor-element elementor-element-04c237e elementor-widget elementor-widget-heading\" data-id=\"04c237e\" data-element_type=\"widget\" data-settings=\"{&quot;ekit_we_effect_on&quot;:&quot;none&quot;}\" data-widget_type=\"heading.default\">\n\t\t\t\t<div class=\"elementor-widget-container\">\n\t\t\t\t\t<h2 class=\"elementor-heading-title elementor-size-default\">EM QUE CREMOS<\/h2>\t\t\t\t<\/div>\n\t\t\t\t<\/div>\n\t\t\t\t<div class=\"elementor-element elementor-element-b723513 elementor-widget elementor-widget-text-editor\" data-id=\"b723513\" data-element_type=\"widget\" data-settings=\"{&quot;ekit_we_effect_on&quot;:&quot;none&quot;}\" data-widget_type=\"text-editor.default\">\n\t\t\t\t<div class=\"elementor-widget-container\">\n\t\t\t\t\t\t\t\t\t<p>\u00a0<\/p><p>Promover escolas b\u00edblicas, semin\u00e1rios, congressos, cruzadas evangel\u00edsticas, encontro para casais, evangelismo pessoal e outras atividades espirituais.Fundar institui\u00e7\u00f5es assistenciais e culturais, sem fins econ\u00f4micos.o batismo por imers\u00e3o, em nome do Pai,do Filho e do Esp\u00edrito Santo.Adota como \u00fanica regra de f\u00e9 e pratica, as escrituras sagradas do velho e novo testamento correspondente a 66 ( sessenta e seis ) livros.acreditamos na transforma\u00e7\u00e3o das pessoas atrav\u00e9s do poder de Jesus Cristo. Acreditamos que Deus pode transform\u00e1-las em novas criaturas.Ore e jejua por esta obra!<\/p>\t\t\t\t\t\t\t\t<\/div>\n\t\t\t\t<\/div>\n\t\t\t\t\t<\/div>\n\t\t<\/div>\n\t\t\t\t\t<\/div>\n\t\t<\/section>\n\t\t\t\t<div class=\"elementor-element elementor-element-4de571f elementor-widget elementor-widget-heading\" data-id=\"4de571f\" data-element_type=\"widget\" data-settings=\"{&quot;ekit_we_effect_on&quot;:&quot;none&quot;}\" data-widget_type=\"heading.default\">\n\t\t\t\t<div class=\"elementor-widget-container\">\n\t\t\t\t\t<h2 class=\"elementor-heading-title elementor-size-default\">PRINCIPAIS ATIVIDADES DE NOSSA IGREJA<\/h2>\t\t\t\t<\/div>\n\t\t\t\t<\/div>\n\t\t\t\t<div class=\"elementor-element elementor-element-2a70137 elementor-widget elementor-widget-text-editor\" data-id=\"2a70137\" data-element_type=\"widget\" data-settings=\"{&quot;ekit_we_effect_on&quot;:&quot;none&quot;}\" data-widget_type=\"text-editor.default\">\n\t\t\t\t<div class=\"elementor-widget-container\">\n\t\t\t\t\t\t\t\t\t<div id=\"sppb-addon-1528648931764\" class=\"clearfix\"><div class=\"sppb-addon sppb-addon-module \"><div class=\"sppb-addon-content\"><div class=\"custom\"><div id=\"sppb-addon-1528648931764\" class=\"clearfix\"><div class=\"sppb-addon sppb-addon-module \"><div class=\"sppb-addon-content\"><div class=\"custom\"><p>A igreja exerce atividades:Propagar o evangelho de nosso Senhor e Salvador Jesus Cristo, em todo territ\u00f3rio, sob a \u00f3tica da religi\u00e3o evang\u00e9lica aplicando recursos e enviando todos esfor\u00e7os a fim de que outras vidas venham conhecer e aceitar a Jesus Cristo como seu \u00fanico suficiente Senhor e Salvador, <em>Discipulando<\/em> seus pros\u00e9litos para que vivam dentro dos princ\u00edpios da moral e \u00e9tica crist\u00e3. Preparar pessoas de ambos os sexos para semear com efic\u00e1cia a semente, que \u00e9 a palavra de Deus as vidas que de acordo com seus princ\u00edpios doutrin\u00e1rios necessitam de salva\u00e7\u00e3o, bem como doutrinar seus membros a buscarem o batismo no Esp\u00edrito Santo e os dons espirituais;<\/p><p>Atrav\u00e9s dos seus membros priorizar a manuten\u00e7\u00e3o da Igreja, seus cultos, cerim\u00f4nias religiosas, cursos educacionais, culturais e assistenciais de cunho filantr\u00f3pico;<\/p><\/div><\/div><\/div><\/div><\/div><\/div><\/div><\/div>\t\t\t\t\t\t\t\t<\/div>\n\t\t\t\t<\/div>\n\t\t\t\t\t<\/div>\n\t\t<\/div>\n\t\t\t\t\t<\/div>\n\t\t<\/section>\n\t\t\t\t<section class=\"elementor-section elementor-top-section elementor-element elementor-element-48a7ec9 elementor-section-boxed elementor-section-height-default elementor-section-height-default wpr-particle-no wpr-jarallax-no wpr-parallax-no wpr-sticky-section-no\" data-id=\"48a7ec9\" data-element_type=\"section\" data-settings=\"{&quot;ekit_has_onepagescroll_dot&quot;:&quot;yes&quot;}\">\n\t\t\t\t\t\t<div class=\"elementor-container elementor-column-gap-default\">\n\t\t\t\t\t<div class=\"elementor-column elementor-col-100 elementor-top-column elementor-element elementor-element-3ea80e3\" data-id=\"3ea80e3\" data-element_type=\"column\">\n\t\t\t<div class=\"elementor-widget-wrap elementor-element-populated\">\n\t\t\t\t\t\t<div class=\"elementor-element elementor-element-fd78593 elementor-widget elementor-widget-spacer\" data-id=\"fd78593\" data-element_type=\"widget\" data-settings=\"{&quot;ekit_we_effect_on&quot;:&quot;none&quot;}\" data-widget_type=\"spacer.default\">\n\t\t\t\t<div class=\"elementor-widget-container\">\n\t\t\t\t\t\t\t<div class=\"elementor-spacer\">\n\t\t\t<div class=\"elementor-spacer-inner\"><\/div>\n\t\t<\/div>\n\t\t\t\t\t\t<\/div>\n\t\t\t\t<\/div>\n\t\t\t\t\t<\/div>\n\t\t<\/div>\n\t\t\t\t\t<\/div>\n\t\t<\/section>\n\t\t\t\t<\/div>\n\t\t","protected":false},"excerpt":{"rendered":"<p>Principais Atividades EM QUE CREMOS \u00a0 Promover escolas b\u00edblicas, semin\u00e1rios, congressos, cruzadas evangel\u00edsticas, encontro para casais, evangelismo pessoal e outras atividades espirituais.Fundar institui\u00e7\u00f5es assistenciais e culturais, sem fins econ\u00f4micos.o batismo por imers\u00e3o, em nome do Pai,do Filho e do Esp\u00edrito Santo.Adota como \u00fanica regra de f\u00e9 e pratica, as escrituras sagradas do velho e novo testamento correspondente a 66 ( sessenta e seis ) livros.acreditamos na transforma\u00e7\u00e3o das pessoas atrav\u00e9s do poder de Jesus Cristo. Acreditamos que Deus pode transform\u00e1-las em novas criaturas.Ore e jejua por esta obra! PRINCIPAIS ATIVIDADES DE NOSSA IGREJA A igreja exerce atividades:Propagar o evangelho de nosso Senhor e Salvador Jesus Cristo, em todo territ\u00f3rio, sob a \u00f3tica da religi\u00e3o evang\u00e9lica aplicando recursos e enviando todos esfor\u00e7os a fim de que outras vidas venham conhecer e aceitar a Jesus Cristo como seu \u00fanico suficiente Senhor e Salvador, Discipulando seus pros\u00e9litos para que vivam dentro dos princ\u00edpios da moral e \u00e9tica crist\u00e3. Preparar pessoas de ambos os sexos para semear com efic\u00e1cia a semente, que \u00e9 a palavra de Deus as vidas que de acordo com seus princ\u00edpios doutrin\u00e1rios necessitam de salva\u00e7\u00e3o, bem como doutrinar seus membros a buscarem o batismo no Esp\u00edrito Santo e os dons espirituais; Atrav\u00e9s dos seus membros priorizar a manuten\u00e7\u00e3o da Igreja, seus cultos, cerim\u00f4nias religiosas, cursos educacionais, culturais e assistenciais de cunho filantr\u00f3pico;<\/p>\n","protected":false},"author":1,"featured_media":0,"parent":0,"menu_order":0,"comment_status":"closed","ping_status":"closed","template":"elementor_header_footer","meta":{"footnotes":""},"class_list":["post-1933","page","type-page","status-publish","hentry"],"acf":[],"_links":{"self":[{"href":"https:\/\/fabricadescripts.com.br\/igrejas\/IGRE3535\/wp-json\/wp\/v2\/pages\/1933","targetHints":{"allow":["GET"]}}],"collection":[{"href":"https:\/\/fabricadescripts.com.br\/igrejas\/IGRE3535\/wp-json\/wp\/v2\/pages"}],"about":[{"href":"https:\/\/fabricadescripts.com.br\/igrejas\/IGRE3535\/wp-json\/wp\/v2\/types\/page"}],"author":[{"embeddable":true,"href":"https:\/\/fabricadescripts.com.br\/igrejas\/IGRE3535\/wp-json\/wp\/v2\/users\/1"}],"replies":[{"embeddable":true,"href":"https:\/\/fabricadescripts.com.br\/igrejas\/IGRE3535\/wp-json\/wp\/v2\/comments?post=1933"}],"version-history":[{"count":0,"href":"https:\/\/fabricadescripts.com.br\/igrejas\/IGRE3535\/wp-json\/wp\/v2\/pages\/1933\/revisions"}],"wp:attachment":[{"href":"https:\/\/fabricadescripts.com.br\/igrejas\/IGRE3535\/wp-json\/wp\/v2\/media?parent=1933"}],"curies":[{"name":"wp","href":"https:\/\/api.w.org\/{rel}","templated":true}]}}